{"id":26004,"date":"2025-05-20T10:39:30","date_gmt":"2025-05-20T07:39:30","guid":{"rendered":"https:\/\/kervanmagazacilik.com\/?post_type=product&#038;p=26004"},"modified":"2025-05-20T10:39:30","modified_gmt":"2025-05-20T07:39:30","slug":"002hsh002344","status":"publish","type":"product","link":"https:\/\/kervanmagazacilik.com\/index.php\/urun\/002hsh002344\/","title":{"rendered":"002HSH002344"},"content":{"rendered":"<p>002HSH002344<\/p>\n<p>CAR\u0130LLA PIKE TAKIMI 240X260 CK. 3 PRC TA\u015e<\/p>\n<p>A Kuma\u015f, %70 PAMUK-%30 POLYESTER<br \/>\nB Kuma\u015f, %100 pamuk<br \/>\nAksesuar; %100 Polyester<br \/>\n30 derece narin y\u0131kama<br \/>\n\u00c7ama\u015f\u0131r suyu konamaz<br \/>\nKurutma makinesinde kurutulamaz<br \/>\nD\u00fc\u015f\u00fck \u0131s\u0131da \u00fct\u00fclenmelidir<\/p>\n<p>ALT GRUP: P\u0130KE YATAK ODASI<br \/>\nP\u0130KE: 240X260 cm<br \/>\nYASTIK: 50X70 cm (2 ADET)<\/p>\n","protected":false},"excerpt":{"rendered":"<p>002HSH002344 CAR\u0130LLA PIKE TAKIMI 240X260 CK. 3 PRC TA\u015e A Kuma\u015f, %70 PAMUK-%30 POLYESTER B Kuma\u015f, %100 pamuk Aksesuar; %100 Polyester 30 derece narin y\u0131kama \u00c7ama\u015f\u0131r suyu konamaz Kurutma makinesinde kurutulamaz D\u00fc\u015f\u00fck \u0131s\u0131da \u00fct\u00fclenmelidir ALT GRUP: P\u0130KE YATAK ODASI P\u0130KE: 240X260 cm YASTIK: 50X70 cm (2 ADET)<\/p>\n","protected":false},"featured_media":26005,"template":"","meta":[],"product_brand":[],"product_cat":[2085],"product_tag":[5727],"class_list":{"0":"post-26004","1":"product","2":"type-product","3":"status-publish","4":"has-post-thumbnail","6":"product_cat-002hsh","7":"product_tag-002hsh002344","9":"first","10":"instock","11":"taxable","12":"shipping-taxable","13":"product-type-simple"},"_links":{"self":[{"href":"https:\/\/kervanmagazacilik.com\/index.php\/wp-json\/wp\/v2\/product\/26004","targetHints":{"allow":["GET"]}}],"collection":[{"href":"https:\/\/kervanmagazacilik.com\/index.php\/wp-json\/wp\/v2\/product"}],"about":[{"href":"https:\/\/kervanmagazacilik.com\/index.php\/wp-json\/wp\/v2\/types\/product"}],"wp:featuredmedia":[{"embeddable":true,"href":"https:\/\/kervanmagazacilik.com\/index.php\/wp-json\/wp\/v2\/media\/26005"}],"wp:attachment":[{"href":"https:\/\/kervanmagazacilik.com\/index.php\/wp-json\/wp\/v2\/media?parent=26004"}],"wp:term":[{"taxonomy":"product_brand","embeddable":true,"href":"https:\/\/kervanmagazacilik.com\/index.php\/wp-json\/wp\/v2\/product_brand?post=26004"},{"taxonomy":"product_cat","embeddable":true,"href":"https:\/\/kervanmagazacilik.com\/index.php\/wp-json\/wp\/v2\/product_cat?post=26004"},{"taxonomy":"product_tag","embeddable":true,"href":"https:\/\/kervanmagazacilik.com\/index.php\/wp-json\/wp\/v2\/product_tag?post=26004"}],"curies":[{"name":"wp","href":"https:\/\/api.w.org\/{rel}","templated":true}]}}