{"id":25986,"date":"2025-05-20T10:33:38","date_gmt":"2025-05-20T07:33:38","guid":{"rendered":"https:\/\/kervanmagazacilik.com\/?post_type=product&#038;p=25986"},"modified":"2025-05-20T10:33:38","modified_gmt":"2025-05-20T07:33:38","slug":"002hsh002312","status":"publish","type":"product","link":"https:\/\/kervanmagazacilik.com\/index.php\/urun\/002hsh002312\/","title":{"rendered":"002HSH002312"},"content":{"rendered":"<p>&nbsp;<\/p>\n<h1 class=\"page-title\">002HSH002312<\/h1>\n<p>LAMINS NEVRESIM TAKIMI KREM CK.200x220cm 6 PRC<\/p>\n<ul id=\"tabPanel\" class=\"box col-12 fade\">\n<li class=\"fl ozellik current\">\n<div class=\"row\">\n<div id=\"productDetailTab\" class=\"col col-12 col-xs-12 mb\">\n<div class=\"fl col-12 mt mb\">\n<p class=\"text-bold\">LAMINS NEVRESIM TAKIMI KREM CK.200x220cm 6 PRC<\/p>\n<p>Kuma\u015f, %100 pamuk Aksesuar; %100 Polyester 30 derece narin y\u0131kama \u00c7ama\u015f\u0131r suyu konamaz Kurutma makinesinde kurutulamaz D\u00fc\u015f\u00fck \u0131s\u0131da \u00fct\u00fclenmelidir NEVRES\u0130M: 200X220 \u00c7AR\u015eAF: 250X270 UYKU YASTI\u011eI: 50X70 (2 ADET) OXFORD YASTIK: 50X70 (2 ADET)<\/p><\/div>\n<\/div>\n<\/div>\n<\/li>\n<\/ul>\n","protected":false},"excerpt":{"rendered":"<p>&nbsp; 002HSH002312 LAMINS NEVRESIM TAKIMI KREM CK.200x220cm 6 PRC LAMINS NEVRESIM TAKIMI KREM CK.200x220cm 6 PRC Kuma\u015f, %100 pamuk Aksesuar; %100 Polyester 30 derece narin y\u0131kama \u00c7ama\u015f\u0131r suyu konamaz Kurutma makinesinde kurutulamaz D\u00fc\u015f\u00fck \u0131s\u0131da \u00fct\u00fclenmelidir NEVRES\u0130M: 200X220 \u00c7AR\u015eAF: 250X270 UYKU YASTI\u011eI: 50X70 (2 ADET) OXFORD YASTIK: 50X70 (2 ADET)<\/p>\n","protected":false},"featured_media":25987,"template":"","meta":[],"product_brand":[],"product_cat":[2085],"product_tag":[5725],"class_list":{"0":"post-25986","1":"product","2":"type-product","3":"status-publish","4":"has-post-thumbnail","6":"product_cat-002hsh","7":"product_tag-002hsh002312","9":"first","10":"instock","11":"taxable","12":"shipping-taxable","13":"product-type-simple"},"_links":{"self":[{"href":"https:\/\/kervanmagazacilik.com\/index.php\/wp-json\/wp\/v2\/product\/25986","targetHints":{"allow":["GET"]}}],"collection":[{"href":"https:\/\/kervanmagazacilik.com\/index.php\/wp-json\/wp\/v2\/product"}],"about":[{"href":"https:\/\/kervanmagazacilik.com\/index.php\/wp-json\/wp\/v2\/types\/product"}],"wp:featuredmedia":[{"embeddable":true,"href":"https:\/\/kervanmagazacilik.com\/index.php\/wp-json\/wp\/v2\/media\/25987"}],"wp:attachment":[{"href":"https:\/\/kervanmagazacilik.com\/index.php\/wp-json\/wp\/v2\/media?parent=25986"}],"wp:term":[{"taxonomy":"product_brand","embeddable":true,"href":"https:\/\/kervanmagazacilik.com\/index.php\/wp-json\/wp\/v2\/product_brand?post=25986"},{"taxonomy":"product_cat","embeddable":true,"href":"https:\/\/kervanmagazacilik.com\/index.php\/wp-json\/wp\/v2\/product_cat?post=25986"},{"taxonomy":"product_tag","embeddable":true,"href":"https:\/\/kervanmagazacilik.com\/index.php\/wp-json\/wp\/v2\/product_tag?post=25986"}],"curies":[{"name":"wp","href":"https:\/\/api.w.org\/{rel}","templated":true}]}}