{"id":25954,"date":"2025-05-16T17:27:01","date_gmt":"2025-05-16T14:27:01","guid":{"rendered":"https:\/\/kervanmagazacilik.com\/?post_type=product&#038;p=25954"},"modified":"2025-05-16T17:27:01","modified_gmt":"2025-05-16T14:27:01","slug":"012hsh002575","status":"publish","type":"product","link":"https:\/\/kervanmagazacilik.com\/index.php\/urun\/012hsh002575\/","title":{"rendered":"012HSH002575"},"content":{"rendered":"<p><strong>012HSH002575<\/strong><\/p>\n<p>YOR\u0130SS YATAK \u00d6RT\u00dcS\u00dc TA\u015e 270x270cm CK.4 PRC<\/p>\n<p>A :Kuma\u015f, %90 polyester %10 keten<br \/>\nB :Kuma\u015f, %90 polyester %10 keten<br \/>\nSadece kuru temizleme yap\u0131lmal\u0131d\u0131r<\/p>\n<p>YATAK \u00d6RT\u00dcS\u00dc: 270X270 CM<br \/>\nYASTIK: 50X70 CM (2 ADET)<br \/>\nS\u00dcS YASTIK: SOSIS KIRLENT (1 ADET)<\/p>\n","protected":false},"excerpt":{"rendered":"<p>012HSH002575 YOR\u0130SS YATAK \u00d6RT\u00dcS\u00dc TA\u015e 270x270cm CK.4 PRC A :Kuma\u015f, %90 polyester %10 keten B :Kuma\u015f, %90 polyester %10 keten Sadece kuru temizleme yap\u0131lmal\u0131d\u0131r YATAK \u00d6RT\u00dcS\u00dc: 270X270 CM YASTIK: 50X70 CM (2 ADET) S\u00dcS YASTIK: SOSIS KIRLENT (1 ADET)<\/p>\n","protected":false},"featured_media":25955,"template":"","meta":[],"product_brand":[],"product_cat":[2475],"product_tag":[5721],"class_list":{"0":"post-25954","1":"product","2":"type-product","3":"status-publish","4":"has-post-thumbnail","6":"product_cat-012hsh","7":"product_tag-012hsh002575","9":"first","10":"instock","11":"taxable","12":"shipping-taxable","13":"product-type-simple"},"_links":{"self":[{"href":"https:\/\/kervanmagazacilik.com\/index.php\/wp-json\/wp\/v2\/product\/25954","targetHints":{"allow":["GET"]}}],"collection":[{"href":"https:\/\/kervanmagazacilik.com\/index.php\/wp-json\/wp\/v2\/product"}],"about":[{"href":"https:\/\/kervanmagazacilik.com\/index.php\/wp-json\/wp\/v2\/types\/product"}],"wp:featuredmedia":[{"embeddable":true,"href":"https:\/\/kervanmagazacilik.com\/index.php\/wp-json\/wp\/v2\/media\/25955"}],"wp:attachment":[{"href":"https:\/\/kervanmagazacilik.com\/index.php\/wp-json\/wp\/v2\/media?parent=25954"}],"wp:term":[{"taxonomy":"product_brand","embeddable":true,"href":"https:\/\/kervanmagazacilik.com\/index.php\/wp-json\/wp\/v2\/product_brand?post=25954"},{"taxonomy":"product_cat","embeddable":true,"href":"https:\/\/kervanmagazacilik.com\/index.php\/wp-json\/wp\/v2\/product_cat?post=25954"},{"taxonomy":"product_tag","embeddable":true,"href":"https:\/\/kervanmagazacilik.com\/index.php\/wp-json\/wp\/v2\/product_tag?post=25954"}],"curies":[{"name":"wp","href":"https:\/\/api.w.org\/{rel}","templated":true}]}}