{"id":25705,"date":"2025-05-15T08:58:47","date_gmt":"2025-05-15T05:58:47","guid":{"rendered":"https:\/\/kervanmagazacilik.com\/?post_type=product&#038;p=25705"},"modified":"2025-05-15T08:58:48","modified_gmt":"2025-05-15T05:58:48","slug":"900nan000049","status":"publish","type":"product","link":"https:\/\/kervanmagazacilik.com\/index.php\/urun\/900nan000049\/","title":{"rendered":"900NAN000049"},"content":{"rendered":"<p>900NAN000049<\/p>\n<p>HD10171 BUKET \u00c7\u0130\u00c7EK R042-A\u00c7IK PEMBE 80 CM<\/p>\n","protected":false},"excerpt":{"rendered":"<p>900NAN000049 HD10171 BUKET \u00c7\u0130\u00c7EK R042-A\u00c7IK PEMBE 80 CM<\/p>\n","protected":false},"featured_media":25706,"template":"","meta":[],"product_brand":[],"product_cat":[287],"product_tag":[5658],"class_list":{"0":"post-25705","1":"product","2":"type-product","3":"status-publish","4":"has-post-thumbnail","6":"product_cat-900nan","7":"product_tag-900nan000049","9":"first","10":"instock","11":"taxable","12":"shipping-taxable","13":"product-type-simple"},"_links":{"self":[{"href":"https:\/\/kervanmagazacilik.com\/index.php\/wp-json\/wp\/v2\/product\/25705","targetHints":{"allow":["GET"]}}],"collection":[{"href":"https:\/\/kervanmagazacilik.com\/index.php\/wp-json\/wp\/v2\/product"}],"about":[{"href":"https:\/\/kervanmagazacilik.com\/index.php\/wp-json\/wp\/v2\/types\/product"}],"wp:featuredmedia":[{"embeddable":true,"href":"https:\/\/kervanmagazacilik.com\/index.php\/wp-json\/wp\/v2\/media\/25706"}],"wp:attachment":[{"href":"https:\/\/kervanmagazacilik.com\/index.php\/wp-json\/wp\/v2\/media?parent=25705"}],"wp:term":[{"taxonomy":"product_brand","embeddable":true,"href":"https:\/\/kervanmagazacilik.com\/index.php\/wp-json\/wp\/v2\/product_brand?post=25705"},{"taxonomy":"product_cat","embeddable":true,"href":"https:\/\/kervanmagazacilik.com\/index.php\/wp-json\/wp\/v2\/product_cat?post=25705"},{"taxonomy":"product_tag","embeddable":true,"href":"https:\/\/kervanmagazacilik.com\/index.php\/wp-json\/wp\/v2\/product_tag?post=25705"}],"curies":[{"name":"wp","href":"https:\/\/api.w.org\/{rel}","templated":true}]}}