{"id":25677,"date":"2025-05-15T08:39:08","date_gmt":"2025-05-15T05:39:08","guid":{"rendered":"https:\/\/kervanmagazacilik.com\/?post_type=product&#038;p=25677"},"modified":"2025-05-15T08:39:08","modified_gmt":"2025-05-15T05:39:08","slug":"900nan000040","status":"publish","type":"product","link":"https:\/\/kervanmagazacilik.com\/index.php\/urun\/900nan000040\/","title":{"rendered":"900NAN000040"},"content":{"rendered":"<p>900NAN000040<\/p>\n<p>HD10194 BUKET \u00c7\u0130\u00c7EK R190-PUDRA PEMBE 51 CM<\/p>\n<p>&nbsp;<\/p>\n","protected":false},"excerpt":{"rendered":"<p>900NAN000040 HD10194 BUKET \u00c7\u0130\u00c7EK R190-PUDRA PEMBE 51 CM &nbsp;<\/p>\n","protected":false},"featured_media":25678,"template":"","meta":[],"product_brand":[],"product_cat":[287],"product_tag":[5649],"class_list":{"0":"post-25677","1":"product","2":"type-product","3":"status-publish","4":"has-post-thumbnail","6":"product_cat-900nan","7":"product_tag-900nan000040","9":"first","10":"instock","11":"taxable","12":"shipping-taxable","13":"product-type-simple"},"_links":{"self":[{"href":"https:\/\/kervanmagazacilik.com\/index.php\/wp-json\/wp\/v2\/product\/25677","targetHints":{"allow":["GET"]}}],"collection":[{"href":"https:\/\/kervanmagazacilik.com\/index.php\/wp-json\/wp\/v2\/product"}],"about":[{"href":"https:\/\/kervanmagazacilik.com\/index.php\/wp-json\/wp\/v2\/types\/product"}],"wp:featuredmedia":[{"embeddable":true,"href":"https:\/\/kervanmagazacilik.com\/index.php\/wp-json\/wp\/v2\/media\/25678"}],"wp:attachment":[{"href":"https:\/\/kervanmagazacilik.com\/index.php\/wp-json\/wp\/v2\/media?parent=25677"}],"wp:term":[{"taxonomy":"product_brand","embeddable":true,"href":"https:\/\/kervanmagazacilik.com\/index.php\/wp-json\/wp\/v2\/product_brand?post=25677"},{"taxonomy":"product_cat","embeddable":true,"href":"https:\/\/kervanmagazacilik.com\/index.php\/wp-json\/wp\/v2\/product_cat?post=25677"},{"taxonomy":"product_tag","embeddable":true,"href":"https:\/\/kervanmagazacilik.com\/index.php\/wp-json\/wp\/v2\/product_tag?post=25677"}],"curies":[{"name":"wp","href":"https:\/\/api.w.org\/{rel}","templated":true}]}}