{"id":25662,"date":"2025-05-15T08:28:49","date_gmt":"2025-05-15T05:28:49","guid":{"rendered":"https:\/\/kervanmagazacilik.com\/?post_type=product&#038;p=25662"},"modified":"2025-05-15T08:28:49","modified_gmt":"2025-05-15T05:28:49","slug":"900nan000035","status":"publish","type":"product","link":"https:\/\/kervanmagazacilik.com\/index.php\/urun\/900nan000035\/","title":{"rendered":"900NAN000035"},"content":{"rendered":"<p>900NAN000035<\/p>\n<p>HD9655 BUKET \u00c7\u0130\u00c7EK R085-PEMBE 41 CM<\/p>\n<p>&nbsp;<\/p>\n<p>&nbsp;<\/p>\n","protected":false},"excerpt":{"rendered":"<p>900NAN000035 HD9655 BUKET \u00c7\u0130\u00c7EK R085-PEMBE 41 CM &nbsp; &nbsp;<\/p>\n","protected":false},"featured_media":25663,"template":"","meta":[],"product_brand":[],"product_cat":[287],"product_tag":[5644],"class_list":{"0":"post-25662","1":"product","2":"type-product","3":"status-publish","4":"has-post-thumbnail","6":"product_cat-900nan","7":"product_tag-900nan000035","9":"first","10":"instock","11":"taxable","12":"shipping-taxable","13":"product-type-simple"},"_links":{"self":[{"href":"https:\/\/kervanmagazacilik.com\/index.php\/wp-json\/wp\/v2\/product\/25662","targetHints":{"allow":["GET"]}}],"collection":[{"href":"https:\/\/kervanmagazacilik.com\/index.php\/wp-json\/wp\/v2\/product"}],"about":[{"href":"https:\/\/kervanmagazacilik.com\/index.php\/wp-json\/wp\/v2\/types\/product"}],"wp:featuredmedia":[{"embeddable":true,"href":"https:\/\/kervanmagazacilik.com\/index.php\/wp-json\/wp\/v2\/media\/25663"}],"wp:attachment":[{"href":"https:\/\/kervanmagazacilik.com\/index.php\/wp-json\/wp\/v2\/media?parent=25662"}],"wp:term":[{"taxonomy":"product_brand","embeddable":true,"href":"https:\/\/kervanmagazacilik.com\/index.php\/wp-json\/wp\/v2\/product_brand?post=25662"},{"taxonomy":"product_cat","embeddable":true,"href":"https:\/\/kervanmagazacilik.com\/index.php\/wp-json\/wp\/v2\/product_cat?post=25662"},{"taxonomy":"product_tag","embeddable":true,"href":"https:\/\/kervanmagazacilik.com\/index.php\/wp-json\/wp\/v2\/product_tag?post=25662"}],"curies":[{"name":"wp","href":"https:\/\/api.w.org\/{rel}","templated":true}]}}