{"id":25614,"date":"2025-05-09T16:29:51","date_gmt":"2025-05-09T13:29:51","guid":{"rendered":"https:\/\/kervanmagazacilik.com\/?post_type=product&#038;p=25614"},"modified":"2025-05-09T16:29:52","modified_gmt":"2025-05-09T13:29:52","slug":"241063027881","status":"publish","type":"product","link":"https:\/\/kervanmagazacilik.com\/index.php\/urun\/241063027881\/","title":{"rendered":"241063027881"},"content":{"rendered":"<p>241063027881<\/p>\n<p>BALESA SAL SET KAHVE 95x240cm 6 PRC<\/p>\n<p>A Kuma\u015f: %100Polyester<br \/>\nB Kuma\u015f: %100 Polyester<br \/>\nC Kuma\u015f: %100 \u0130pek<br \/>\nSadece kuru temizleme yap\u0131lmal\u0131d\u0131r<\/p>\n<p>\u015eAL: 95&#215;240 CM<br \/>\nYASTIK:35X60(2 ADET)<br \/>\nYASTIK: 55&#215;55(3 ADET)<\/p>\n<p>&nbsp;<\/p>\n","protected":false},"excerpt":{"rendered":"<p>241063027881 BALESA SAL SET KAHVE 95x240cm 6 PRC A Kuma\u015f: %100Polyester B Kuma\u015f: %100 Polyester C Kuma\u015f: %100 \u0130pek Sadece kuru temizleme yap\u0131lmal\u0131d\u0131r \u015eAL: 95&#215;240 CM YASTIK:35X60(2 ADET) YASTIK: 55&#215;55(3 ADET) &nbsp;<\/p>\n","protected":false},"featured_media":25615,"template":"","meta":[],"product_brand":[],"product_cat":[3250],"product_tag":[5634],"class_list":{"0":"post-25614","1":"product","2":"type-product","3":"status-publish","4":"has-post-thumbnail","6":"product_cat-3250","7":"product_tag-5634","9":"first","10":"instock","11":"taxable","12":"shipping-taxable","13":"product-type-simple"},"_links":{"self":[{"href":"https:\/\/kervanmagazacilik.com\/index.php\/wp-json\/wp\/v2\/product\/25614","targetHints":{"allow":["GET"]}}],"collection":[{"href":"https:\/\/kervanmagazacilik.com\/index.php\/wp-json\/wp\/v2\/product"}],"about":[{"href":"https:\/\/kervanmagazacilik.com\/index.php\/wp-json\/wp\/v2\/types\/product"}],"wp:featuredmedia":[{"embeddable":true,"href":"https:\/\/kervanmagazacilik.com\/index.php\/wp-json\/wp\/v2\/media\/25615"}],"wp:attachment":[{"href":"https:\/\/kervanmagazacilik.com\/index.php\/wp-json\/wp\/v2\/media?parent=25614"}],"wp:term":[{"taxonomy":"product_brand","embeddable":true,"href":"https:\/\/kervanmagazacilik.com\/index.php\/wp-json\/wp\/v2\/product_brand?post=25614"},{"taxonomy":"product_cat","embeddable":true,"href":"https:\/\/kervanmagazacilik.com\/index.php\/wp-json\/wp\/v2\/product_cat?post=25614"},{"taxonomy":"product_tag","embeddable":true,"href":"https:\/\/kervanmagazacilik.com\/index.php\/wp-json\/wp\/v2\/product_tag?post=25614"}],"curies":[{"name":"wp","href":"https:\/\/api.w.org\/{rel}","templated":true}]}}