{"id":25608,"date":"2025-05-09T16:23:32","date_gmt":"2025-05-09T13:23:32","guid":{"rendered":"https:\/\/kervanmagazacilik.com\/?post_type=product&#038;p=25608"},"modified":"2025-05-09T16:23:33","modified_gmt":"2025-05-09T13:23:33","slug":"062hsh000336","status":"publish","type":"product","link":"https:\/\/kervanmagazacilik.com\/index.php\/urun\/062hsh000336\/","title":{"rendered":"062HSH000336"},"content":{"rendered":"<p>062HSH000336<\/p>\n<p>POL\u0130NZA-3 POLAR BATTAN\u0130YE FU\u015eYA 180x200cm<\/p>\n<p>Kuma\u015f: %100 POLYESTER<br \/>\nAksesuar, %100 polyester<br \/>\n30 derece y\u0131kama<br \/>\n\u00c7ama\u015f\u0131r suyu konamaz<br \/>\nKurutma makinesinde kurutulamaz<br \/>\nD\u00fc\u015f\u00fck \u0131s\u0131da \u00fct\u00fclenmelidir<\/p>\n","protected":false},"excerpt":{"rendered":"<p>062HSH000336 POL\u0130NZA-3 POLAR BATTAN\u0130YE FU\u015eYA 180x200cm Kuma\u015f: %100 POLYESTER Aksesuar, %100 polyester 30 derece y\u0131kama \u00c7ama\u015f\u0131r suyu konamaz Kurutma makinesinde kurutulamaz D\u00fc\u015f\u00fck \u0131s\u0131da \u00fct\u00fclenmelidir<\/p>\n","protected":false},"featured_media":25609,"template":"","meta":[],"product_brand":[],"product_cat":[2575],"product_tag":[5633],"class_list":{"0":"post-25608","1":"product","2":"type-product","3":"status-publish","4":"has-post-thumbnail","6":"product_cat-062hsh","7":"product_tag-062hsh000336","9":"first","10":"instock","11":"taxable","12":"shipping-taxable","13":"product-type-simple"},"_links":{"self":[{"href":"https:\/\/kervanmagazacilik.com\/index.php\/wp-json\/wp\/v2\/product\/25608","targetHints":{"allow":["GET"]}}],"collection":[{"href":"https:\/\/kervanmagazacilik.com\/index.php\/wp-json\/wp\/v2\/product"}],"about":[{"href":"https:\/\/kervanmagazacilik.com\/index.php\/wp-json\/wp\/v2\/types\/product"}],"wp:featuredmedia":[{"embeddable":true,"href":"https:\/\/kervanmagazacilik.com\/index.php\/wp-json\/wp\/v2\/media\/25609"}],"wp:attachment":[{"href":"https:\/\/kervanmagazacilik.com\/index.php\/wp-json\/wp\/v2\/media?parent=25608"}],"wp:term":[{"taxonomy":"product_brand","embeddable":true,"href":"https:\/\/kervanmagazacilik.com\/index.php\/wp-json\/wp\/v2\/product_brand?post=25608"},{"taxonomy":"product_cat","embeddable":true,"href":"https:\/\/kervanmagazacilik.com\/index.php\/wp-json\/wp\/v2\/product_cat?post=25608"},{"taxonomy":"product_tag","embeddable":true,"href":"https:\/\/kervanmagazacilik.com\/index.php\/wp-json\/wp\/v2\/product_tag?post=25608"}],"curies":[{"name":"wp","href":"https:\/\/api.w.org\/{rel}","templated":true}]}}