{"id":25600,"date":"2025-05-09T16:19:52","date_gmt":"2025-05-09T13:19:52","guid":{"rendered":"https:\/\/kervanmagazacilik.com\/?post_type=product&#038;p=25600"},"modified":"2025-05-09T16:19:52","modified_gmt":"2025-05-09T13:19:52","slug":"042hsh000381","status":"publish","type":"product","link":"https:\/\/kervanmagazacilik.com\/index.php\/urun\/042hsh000381\/","title":{"rendered":"042HSH000381"},"content":{"rendered":"<p>042HSH000381<\/p>\n<p>SANTOR\u0130 160X240 P\u0130KE KREM-TA\u015e<\/p>\n<p>Kuma\u015f: %100 Pamuk \u0130\u00e7 dolgu: %100 Polyester 30 derece narin y\u0131kama yap\u0131lmal\u0131d\u0131r veya elde y\u0131kanmal\u0131d\u0131r \u00c7ama\u015f\u0131r suyu konamaz Asarak de\u011fil, sererek kurutulmal\u0131d\u0131r Kurutma makinesinde kurutulamaz \u00dct\u00fc yap\u0131lamazPamuklu \u00fcr\u00fcn oldu\u011fu i\u00e7in zamanla kullan\u0131mdan dolay\u0131 pamuklanma olabilir ALT GRUP: YATAK ODASI TEKST\u0130L\u0130<\/p>\n","protected":false},"excerpt":{"rendered":"<p>042HSH000381 SANTOR\u0130 160X240 P\u0130KE KREM-TA\u015e Kuma\u015f: %100 Pamuk \u0130\u00e7 dolgu: %100 Polyester 30 derece narin y\u0131kama yap\u0131lmal\u0131d\u0131r veya elde y\u0131kanmal\u0131d\u0131r \u00c7ama\u015f\u0131r suyu konamaz Asarak de\u011fil, sererek kurutulmal\u0131d\u0131r Kurutma makinesinde kurutulamaz \u00dct\u00fc yap\u0131lamazPamuklu \u00fcr\u00fcn oldu\u011fu i\u00e7in zamanla kullan\u0131mdan dolay\u0131 pamuklanma olabilir ALT GRUP: YATAK ODASI TEKST\u0130L\u0130<\/p>\n","protected":false},"featured_media":25601,"template":"","meta":[],"product_brand":[],"product_cat":[2493],"product_tag":[5632],"class_list":{"0":"post-25600","1":"product","2":"type-product","3":"status-publish","4":"has-post-thumbnail","6":"product_cat-042hsh","7":"product_tag-042hsh000381","9":"first","10":"instock","11":"taxable","12":"shipping-taxable","13":"product-type-simple"},"_links":{"self":[{"href":"https:\/\/kervanmagazacilik.com\/index.php\/wp-json\/wp\/v2\/product\/25600","targetHints":{"allow":["GET"]}}],"collection":[{"href":"https:\/\/kervanmagazacilik.com\/index.php\/wp-json\/wp\/v2\/product"}],"about":[{"href":"https:\/\/kervanmagazacilik.com\/index.php\/wp-json\/wp\/v2\/types\/product"}],"wp:featuredmedia":[{"embeddable":true,"href":"https:\/\/kervanmagazacilik.com\/index.php\/wp-json\/wp\/v2\/media\/25601"}],"wp:attachment":[{"href":"https:\/\/kervanmagazacilik.com\/index.php\/wp-json\/wp\/v2\/media?parent=25600"}],"wp:term":[{"taxonomy":"product_brand","embeddable":true,"href":"https:\/\/kervanmagazacilik.com\/index.php\/wp-json\/wp\/v2\/product_brand?post=25600"},{"taxonomy":"product_cat","embeddable":true,"href":"https:\/\/kervanmagazacilik.com\/index.php\/wp-json\/wp\/v2\/product_cat?post=25600"},{"taxonomy":"product_tag","embeddable":true,"href":"https:\/\/kervanmagazacilik.com\/index.php\/wp-json\/wp\/v2\/product_tag?post=25600"}],"curies":[{"name":"wp","href":"https:\/\/api.w.org\/{rel}","templated":true}]}}