{"id":25586,"date":"2025-05-08T16:05:47","date_gmt":"2025-05-08T13:05:47","guid":{"rendered":"https:\/\/kervanmagazacilik.com\/?post_type=product&#038;p=25586"},"modified":"2025-05-08T16:05:48","modified_gmt":"2025-05-08T13:05:48","slug":"611mtr000004","status":"publish","type":"product","link":"https:\/\/kervanmagazacilik.com\/index.php\/urun\/611mtr000004\/","title":{"rendered":"611MTR000004"},"content":{"rendered":"<p>611MTR000004<\/p>\n<p>TOFANA \u0130K\u0130L\u0130 KOLTUK 69x117x75cm+TEKL\u0130 KOLTUK 69x61x75cm (2 ADET)+ORTA SEHPA 70x70x59cm ESK\u0130TME BEYAZ<\/p>\n<p>&nbsp;<\/p>\n","protected":false},"excerpt":{"rendered":"<p>611MTR000004 TOFANA \u0130K\u0130L\u0130 KOLTUK 69x117x75cm+TEKL\u0130 KOLTUK 69x61x75cm (2 ADET)+ORTA SEHPA 70x70x59cm ESK\u0130TME BEYAZ &nbsp;<\/p>\n","protected":false},"featured_media":25587,"template":"","meta":[],"product_brand":[],"product_cat":[3694],"product_tag":[5629],"class_list":{"0":"post-25586","1":"product","2":"type-product","3":"status-publish","4":"has-post-thumbnail","6":"product_cat-611mtr","7":"product_tag-611mtr000004","9":"first","10":"instock","11":"taxable","12":"shipping-taxable","13":"product-type-simple"},"_links":{"self":[{"href":"https:\/\/kervanmagazacilik.com\/index.php\/wp-json\/wp\/v2\/product\/25586","targetHints":{"allow":["GET"]}}],"collection":[{"href":"https:\/\/kervanmagazacilik.com\/index.php\/wp-json\/wp\/v2\/product"}],"about":[{"href":"https:\/\/kervanmagazacilik.com\/index.php\/wp-json\/wp\/v2\/types\/product"}],"wp:featuredmedia":[{"embeddable":true,"href":"https:\/\/kervanmagazacilik.com\/index.php\/wp-json\/wp\/v2\/media\/25587"}],"wp:attachment":[{"href":"https:\/\/kervanmagazacilik.com\/index.php\/wp-json\/wp\/v2\/media?parent=25586"}],"wp:term":[{"taxonomy":"product_brand","embeddable":true,"href":"https:\/\/kervanmagazacilik.com\/index.php\/wp-json\/wp\/v2\/product_brand?post=25586"},{"taxonomy":"product_cat","embeddable":true,"href":"https:\/\/kervanmagazacilik.com\/index.php\/wp-json\/wp\/v2\/product_cat?post=25586"},{"taxonomy":"product_tag","embeddable":true,"href":"https:\/\/kervanmagazacilik.com\/index.php\/wp-json\/wp\/v2\/product_tag?post=25586"}],"curies":[{"name":"wp","href":"https:\/\/api.w.org\/{rel}","templated":true}]}}