{"id":25582,"date":"2025-05-08T16:03:55","date_gmt":"2025-05-08T13:03:55","guid":{"rendered":"https:\/\/kervanmagazacilik.com\/?post_type=product&#038;p=25582"},"modified":"2025-05-08T16:03:56","modified_gmt":"2025-05-08T13:03:56","slug":"611mtr000003","status":"publish","type":"product","link":"https:\/\/kervanmagazacilik.com\/index.php\/urun\/611mtr000003\/","title":{"rendered":"611MTR000003"},"content":{"rendered":"<p>611MTR000003<\/p>\n<p>CORDELLA \u0130K\u0130L\u0130 KOLTUK 116x72x91cm+TEKL\u0130 KOLTUK 68x72x91cm (2 ADET)+ORTA SEHPA 66x66x56cm KAHVE<\/p>\n<p>Naturel Rattan &#8211; Kuma\u015f &#8211; Cam<\/p>\n<p>100% Polyester<\/p>\n<p>Mobilya do\u011frudan g\u00fcne\u015f \u0131\u015f\u0131\u011f\u0131na maruz kalmadan kuru bir ortamda tutulmal\u0131d\u0131r.<br \/>\nMobilyay\u0131 temizlemek i\u00e7in sadece temiz yumu\u015fak bir bezle silin.<br \/>\nMinderi sadece gerekti\u011finde y\u0131kay\u0131n, s\u0131k y\u0131kama kuma\u015f\u0131n dokusunu etkileyecek ve rengin daha h\u0131zl\u0131 solmas\u0131na neden olacakt\u0131r.<br \/>\nAlkol, kimyasallar veya a\u011fart\u0131c\u0131 kullanmaya \u00e7al\u0131\u015fmay\u0131n, bunlar daha fazla hasara ve renk solmas\u0131na neden olabilir.<br \/>\nG\u00fcne\u015f \u0131\u015f\u0131nlar\u0131 sadece solmaya neden olmakla kalmaz, ayn\u0131 zamanda lifleri zay\u0131flataca\u011f\u0131 i\u00e7in zamanla deliklere yol a\u00e7abilmektedir, bu nedenle do\u011frudan veya dolayl\u0131 g\u00fcne\u015f \u0131\u015f\u0131\u011f\u0131ndan uzakta konumland\u0131r\u0131n\u0131z.<br \/>\nMobilya do\u011frudan g\u00fcne\u015f \u0131\u015f\u0131\u011f\u0131na maruz kalmadan kuru bir ortamda tutulmal\u0131d\u0131r.<br \/>\nMobilyay\u0131 temizlemek i\u00e7in sadece temiz yumu\u015fak bir bezle silin.<br \/>\nMinderi sadece gerekti\u011finde y\u0131kay\u0131n, s\u0131k y\u0131kama kuma\u015f\u0131n dokusunu etkileyecek ve rengin daha h\u0131zl\u0131 solmas\u0131na neden olacakt\u0131r.<br \/>\nAlkol, kimyasallar veya a\u011fart\u0131c\u0131 kullanmaya \u00e7al\u0131\u015fmay\u0131n, bunlar daha fazla hasara ve renk solmas\u0131na neden olabilir.<br \/>\nG\u00fcne\u015f \u0131\u015f\u0131nlar\u0131 sadece solmaya neden olmakla kalmaz, ayn\u0131 zamanda lifleri zay\u0131flataca\u011f\u0131 i\u00e7in zamanla deliklere yol a\u00e7abilmektedir, bu nedenle do\u011frudan veya dolayl\u0131 g\u00fcne\u015f \u0131\u015f\u0131\u011f\u0131ndan uzakta konumland\u0131r\u0131n\u0131z.<\/p>\n","protected":false},"excerpt":{"rendered":"<p>611MTR000003 CORDELLA \u0130K\u0130L\u0130 KOLTUK 116x72x91cm+TEKL\u0130 KOLTUK 68x72x91cm (2 ADET)+ORTA SEHPA 66x66x56cm KAHVE Naturel Rattan &#8211; Kuma\u015f &#8211; Cam 100% Polyester Mobilya do\u011frudan g\u00fcne\u015f \u0131\u015f\u0131\u011f\u0131na maruz kalmadan kuru bir ortamda tutulmal\u0131d\u0131r. Mobilyay\u0131 temizlemek i\u00e7in sadece temiz yumu\u015fak bir bezle silin. Minderi sadece gerekti\u011finde y\u0131kay\u0131n, s\u0131k y\u0131kama kuma\u015f\u0131n dokusunu etkileyecek ve rengin daha h\u0131zl\u0131 solmas\u0131na neden olacakt\u0131r. [&hellip;]<\/p>\n","protected":false},"featured_media":25583,"template":"","meta":[],"product_brand":[],"product_cat":[3694],"product_tag":[5628],"class_list":{"0":"post-25582","1":"product","2":"type-product","3":"status-publish","4":"has-post-thumbnail","6":"product_cat-611mtr","7":"product_tag-611mtr000003","9":"first","10":"instock","11":"taxable","12":"shipping-taxable","13":"product-type-simple"},"_links":{"self":[{"href":"https:\/\/kervanmagazacilik.com\/index.php\/wp-json\/wp\/v2\/product\/25582","targetHints":{"allow":["GET"]}}],"collection":[{"href":"https:\/\/kervanmagazacilik.com\/index.php\/wp-json\/wp\/v2\/product"}],"about":[{"href":"https:\/\/kervanmagazacilik.com\/index.php\/wp-json\/wp\/v2\/types\/product"}],"wp:featuredmedia":[{"embeddable":true,"href":"https:\/\/kervanmagazacilik.com\/index.php\/wp-json\/wp\/v2\/media\/25583"}],"wp:attachment":[{"href":"https:\/\/kervanmagazacilik.com\/index.php\/wp-json\/wp\/v2\/media?parent=25582"}],"wp:term":[{"taxonomy":"product_brand","embeddable":true,"href":"https:\/\/kervanmagazacilik.com\/index.php\/wp-json\/wp\/v2\/product_brand?post=25582"},{"taxonomy":"product_cat","embeddable":true,"href":"https:\/\/kervanmagazacilik.com\/index.php\/wp-json\/wp\/v2\/product_cat?post=25582"},{"taxonomy":"product_tag","embeddable":true,"href":"https:\/\/kervanmagazacilik.com\/index.php\/wp-json\/wp\/v2\/product_tag?post=25582"}],"curies":[{"name":"wp","href":"https:\/\/api.w.org\/{rel}","templated":true}]}}