{"id":25557,"date":"2025-05-08T11:05:56","date_gmt":"2025-05-08T08:05:56","guid":{"rendered":"https:\/\/kervanmagazacilik.com\/?post_type=product&#038;p=25557"},"modified":"2025-05-08T11:05:56","modified_gmt":"2025-05-08T08:05:56","slug":"150hsh000993","status":"publish","type":"product","link":"https:\/\/kervanmagazacilik.com\/index.php\/urun\/150hsh000993\/","title":{"rendered":"150HSH000993"},"content":{"rendered":"<p>150HSH000993<\/p>\n<p>F\u0130ORE KOKU \u015e\u0130\u015eES\u0130 FU\u015eYA 15x15x12 cm<\/p>\n<p>&nbsp;<\/p>\n","protected":false},"excerpt":{"rendered":"<p>150HSH000993 F\u0130ORE KOKU \u015e\u0130\u015eES\u0130 FU\u015eYA 15x15x12 cm &nbsp;<\/p>\n","protected":false},"featured_media":25558,"template":"","meta":[],"product_brand":[],"product_cat":[164],"product_tag":[5627],"class_list":{"0":"post-25557","1":"product","2":"type-product","3":"status-publish","4":"has-post-thumbnail","6":"product_cat-150hsh","7":"product_tag-150hsh000993","9":"first","10":"instock","11":"taxable","12":"shipping-taxable","13":"product-type-simple"},"_links":{"self":[{"href":"https:\/\/kervanmagazacilik.com\/index.php\/wp-json\/wp\/v2\/product\/25557","targetHints":{"allow":["GET"]}}],"collection":[{"href":"https:\/\/kervanmagazacilik.com\/index.php\/wp-json\/wp\/v2\/product"}],"about":[{"href":"https:\/\/kervanmagazacilik.com\/index.php\/wp-json\/wp\/v2\/types\/product"}],"wp:featuredmedia":[{"embeddable":true,"href":"https:\/\/kervanmagazacilik.com\/index.php\/wp-json\/wp\/v2\/media\/25558"}],"wp:attachment":[{"href":"https:\/\/kervanmagazacilik.com\/index.php\/wp-json\/wp\/v2\/media?parent=25557"}],"wp:term":[{"taxonomy":"product_brand","embeddable":true,"href":"https:\/\/kervanmagazacilik.com\/index.php\/wp-json\/wp\/v2\/product_brand?post=25557"},{"taxonomy":"product_cat","embeddable":true,"href":"https:\/\/kervanmagazacilik.com\/index.php\/wp-json\/wp\/v2\/product_cat?post=25557"},{"taxonomy":"product_tag","embeddable":true,"href":"https:\/\/kervanmagazacilik.com\/index.php\/wp-json\/wp\/v2\/product_tag?post=25557"}],"curies":[{"name":"wp","href":"https:\/\/api.w.org\/{rel}","templated":true}]}}