{"id":25549,"date":"2025-05-08T11:02:11","date_gmt":"2025-05-08T08:02:11","guid":{"rendered":"https:\/\/kervanmagazacilik.com\/?post_type=product&#038;p=25549"},"modified":"2025-05-08T11:02:12","modified_gmt":"2025-05-08T08:02:12","slug":"150hsh000991","status":"publish","type":"product","link":"https:\/\/kervanmagazacilik.com\/index.php\/urun\/150hsh000991\/","title":{"rendered":"150HSH000991"},"content":{"rendered":"<p>150HSH000991<\/p>\n<p>F\u0130ORE KOKU \u015e\u0130\u015eES\u0130 PUDRA 15x15x12 cm<\/p>\n<p>MALZEME: POLYESTER + CAM<br \/>\n\u00d6l\u00e7\u00fcler +\/- 5 cm de\u011fi\u015fkenlik g\u00f6sterebilir<br \/>\nALT GRUP: DEKORATIF AKSESUAR<\/p>\n<p>KURU BEZ \u0130LE TOZ ALINMALIDIR<br \/>\nCAM: 500 cc<br \/>\nCAM RENG\u0130: Bal<\/p>\n","protected":false},"excerpt":{"rendered":"<p>150HSH000991 F\u0130ORE KOKU \u015e\u0130\u015eES\u0130 PUDRA 15x15x12 cm MALZEME: POLYESTER + CAM \u00d6l\u00e7\u00fcler +\/- 5 cm de\u011fi\u015fkenlik g\u00f6sterebilir ALT GRUP: DEKORATIF AKSESUAR KURU BEZ \u0130LE TOZ ALINMALIDIR CAM: 500 cc CAM RENG\u0130: Bal<\/p>\n","protected":false},"featured_media":25550,"template":"","meta":[],"product_brand":[],"product_cat":[164],"product_tag":[5625],"class_list":{"0":"post-25549","1":"product","2":"type-product","3":"status-publish","4":"has-post-thumbnail","6":"product_cat-150hsh","7":"product_tag-150hsh000991","9":"first","10":"instock","11":"taxable","12":"shipping-taxable","13":"product-type-simple"},"_links":{"self":[{"href":"https:\/\/kervanmagazacilik.com\/index.php\/wp-json\/wp\/v2\/product\/25549","targetHints":{"allow":["GET"]}}],"collection":[{"href":"https:\/\/kervanmagazacilik.com\/index.php\/wp-json\/wp\/v2\/product"}],"about":[{"href":"https:\/\/kervanmagazacilik.com\/index.php\/wp-json\/wp\/v2\/types\/product"}],"wp:featuredmedia":[{"embeddable":true,"href":"https:\/\/kervanmagazacilik.com\/index.php\/wp-json\/wp\/v2\/media\/25550"}],"wp:attachment":[{"href":"https:\/\/kervanmagazacilik.com\/index.php\/wp-json\/wp\/v2\/media?parent=25549"}],"wp:term":[{"taxonomy":"product_brand","embeddable":true,"href":"https:\/\/kervanmagazacilik.com\/index.php\/wp-json\/wp\/v2\/product_brand?post=25549"},{"taxonomy":"product_cat","embeddable":true,"href":"https:\/\/kervanmagazacilik.com\/index.php\/wp-json\/wp\/v2\/product_cat?post=25549"},{"taxonomy":"product_tag","embeddable":true,"href":"https:\/\/kervanmagazacilik.com\/index.php\/wp-json\/wp\/v2\/product_tag?post=25549"}],"curies":[{"name":"wp","href":"https:\/\/api.w.org\/{rel}","templated":true}]}}