{"id":25523,"date":"2025-05-07T16:39:28","date_gmt":"2025-05-07T13:39:28","guid":{"rendered":"https:\/\/kervanmagazacilik.com\/?post_type=product&#038;p=25523"},"modified":"2025-05-07T16:39:29","modified_gmt":"2025-05-07T13:39:29","slug":"072017700333","status":"publish","type":"product","link":"https:\/\/kervanmagazacilik.com\/index.php\/urun\/072017700333\/","title":{"rendered":"072017700333"},"content":{"rendered":"<p>072017700333<\/p>\n<p>BUBBLE KIRLENT 50X50 KREM<\/p>\n<p>A Kuma\u015f:%100 Polyester<br \/>\nB Kuma\u015f:%100 Polyester<br \/>\nSadece kuru temizleme yap\u0131lmal\u0131d\u0131r<\/p>\n<p>ALT GRUP: SALON TEKST\u0130L\u0130<\/p>\n<p>KIRLENT: 50&#215;50 CM<\/p>\n","protected":false},"excerpt":{"rendered":"<p>072017700333 BUBBLE KIRLENT 50X50 KREM A Kuma\u015f:%100 Polyester B Kuma\u015f:%100 Polyester Sadece kuru temizleme yap\u0131lmal\u0131d\u0131r ALT GRUP: SALON TEKST\u0130L\u0130 KIRLENT: 50&#215;50 CM<\/p>\n","protected":false},"featured_media":25524,"template":"","meta":[],"product_brand":[],"product_cat":[28],"product_tag":[5618],"class_list":{"0":"post-25523","1":"product","2":"type-product","3":"status-publish","4":"has-post-thumbnail","6":"product_cat-genel","7":"product_tag-5618","9":"first","10":"instock","11":"taxable","12":"shipping-taxable","13":"product-type-simple"},"_links":{"self":[{"href":"https:\/\/kervanmagazacilik.com\/index.php\/wp-json\/wp\/v2\/product\/25523","targetHints":{"allow":["GET"]}}],"collection":[{"href":"https:\/\/kervanmagazacilik.com\/index.php\/wp-json\/wp\/v2\/product"}],"about":[{"href":"https:\/\/kervanmagazacilik.com\/index.php\/wp-json\/wp\/v2\/types\/product"}],"wp:featuredmedia":[{"embeddable":true,"href":"https:\/\/kervanmagazacilik.com\/index.php\/wp-json\/wp\/v2\/media\/25524"}],"wp:attachment":[{"href":"https:\/\/kervanmagazacilik.com\/index.php\/wp-json\/wp\/v2\/media?parent=25523"}],"wp:term":[{"taxonomy":"product_brand","embeddable":true,"href":"https:\/\/kervanmagazacilik.com\/index.php\/wp-json\/wp\/v2\/product_brand?post=25523"},{"taxonomy":"product_cat","embeddable":true,"href":"https:\/\/kervanmagazacilik.com\/index.php\/wp-json\/wp\/v2\/product_cat?post=25523"},{"taxonomy":"product_tag","embeddable":true,"href":"https:\/\/kervanmagazacilik.com\/index.php\/wp-json\/wp\/v2\/product_tag?post=25523"}],"curies":[{"name":"wp","href":"https:\/\/api.w.org\/{rel}","templated":true}]}}