{"id":25515,"date":"2025-05-07T16:36:45","date_gmt":"2025-05-07T13:36:45","guid":{"rendered":"https:\/\/kervanmagazacilik.com\/?post_type=product&#038;p=25515"},"modified":"2025-05-07T16:36:46","modified_gmt":"2025-05-07T13:36:46","slug":"241063027850","status":"publish","type":"product","link":"https:\/\/kervanmagazacilik.com\/index.php\/urun\/241063027850\/","title":{"rendered":"241063027850"},"content":{"rendered":"<p>241063027850<\/p>\n<p>MACELO \u015eAL SET 90&#215;250 CM 6 PRC HARDAL-YE\u015e\u0130L<\/p>\n<p>A Kuma\u015f:%89 Polyester %1Y\u00fcn %10Akrilik<br \/>\nB Kuma\u015f:%76 Polyester %3Y\u00fcn %22Akrilik<br \/>\nC Kuma\u015f: %100 Polyester<br \/>\nSadece kuru temizleme yap\u0131lmal\u0131d\u0131r<\/p>\n<p>ALT GRUP: YATAK ODASI TEKST\u0130L\u0130<\/p>\n<p>\u015eAL: 90&#215;250 CM<br \/>\nKIRLENT:30X50(S\u00dcS YASTIK1 ADET)<br \/>\nYASTIK: 35&#215;70(2 ADET)<br \/>\nYASTIK: 60X60(3 ADET)<\/p>\n","protected":false},"excerpt":{"rendered":"<p>241063027850 MACELO \u015eAL SET 90&#215;250 CM 6 PRC HARDAL-YE\u015e\u0130L A Kuma\u015f:%89 Polyester %1Y\u00fcn %10Akrilik B Kuma\u015f:%76 Polyester %3Y\u00fcn %22Akrilik C Kuma\u015f: %100 Polyester Sadece kuru temizleme yap\u0131lmal\u0131d\u0131r ALT GRUP: YATAK ODASI TEKST\u0130L\u0130 \u015eAL: 90&#215;250 CM KIRLENT:30X50(S\u00dcS YASTIK1 ADET) YASTIK: 35&#215;70(2 ADET) YASTIK: 60X60(3 ADET)<\/p>\n","protected":false},"featured_media":25516,"template":"","meta":[],"product_brand":[],"product_cat":[3250],"product_tag":[5617],"class_list":{"0":"post-25515","1":"product","2":"type-product","3":"status-publish","4":"has-post-thumbnail","6":"product_cat-3250","7":"product_tag-5617","9":"first","10":"instock","11":"taxable","12":"shipping-taxable","13":"product-type-simple"},"_links":{"self":[{"href":"https:\/\/kervanmagazacilik.com\/index.php\/wp-json\/wp\/v2\/product\/25515","targetHints":{"allow":["GET"]}}],"collection":[{"href":"https:\/\/kervanmagazacilik.com\/index.php\/wp-json\/wp\/v2\/product"}],"about":[{"href":"https:\/\/kervanmagazacilik.com\/index.php\/wp-json\/wp\/v2\/types\/product"}],"wp:featuredmedia":[{"embeddable":true,"href":"https:\/\/kervanmagazacilik.com\/index.php\/wp-json\/wp\/v2\/media\/25516"}],"wp:attachment":[{"href":"https:\/\/kervanmagazacilik.com\/index.php\/wp-json\/wp\/v2\/media?parent=25515"}],"wp:term":[{"taxonomy":"product_brand","embeddable":true,"href":"https:\/\/kervanmagazacilik.com\/index.php\/wp-json\/wp\/v2\/product_brand?post=25515"},{"taxonomy":"product_cat","embeddable":true,"href":"https:\/\/kervanmagazacilik.com\/index.php\/wp-json\/wp\/v2\/product_cat?post=25515"},{"taxonomy":"product_tag","embeddable":true,"href":"https:\/\/kervanmagazacilik.com\/index.php\/wp-json\/wp\/v2\/product_tag?post=25515"}],"curies":[{"name":"wp","href":"https:\/\/api.w.org\/{rel}","templated":true}]}}