{"id":25489,"date":"2025-05-07T16:20:12","date_gmt":"2025-05-07T13:20:12","guid":{"rendered":"https:\/\/kervanmagazacilik.com\/?post_type=product&#038;p=25489"},"modified":"2025-05-07T16:20:13","modified_gmt":"2025-05-07T13:20:13","slug":"012063000858","status":"publish","type":"product","link":"https:\/\/kervanmagazacilik.com\/index.php\/urun\/012063000858\/","title":{"rendered":"012063000858"},"content":{"rendered":"<p>012063000858<\/p>\n<p>LOR\u0130SSA YATAK ORTUSU 270x270cm 4 PRC BEYAZ-G\u00dcM\u00dc\u015e<\/p>\n<p>A Kuma\u015f; %100 Polyester<br \/>\nB Kuma\u015f; %100 Polyester<br \/>\nAksesuar; %100 Polyester<br \/>\nSadece kuru temizleme yap\u0131lmal\u0131d\u0131r<\/p>\n<p>ALT GRUP: YATAK ODASI TEKST\u0130L\u0130<\/p>\n<p>\u00d6RT\u00dc: 270X270 CM<br \/>\nYASTIK: 50X70 CM (2 ADET)<br \/>\nDEKORAT\u0130F YASTIK: 50 CM YUVARLAK<\/p>\n<p>&nbsp;<\/p>\n","protected":false},"excerpt":{"rendered":"<p>012063000858 LOR\u0130SSA YATAK ORTUSU 270x270cm 4 PRC BEYAZ-G\u00dcM\u00dc\u015e A Kuma\u015f; %100 Polyester B Kuma\u015f; %100 Polyester Aksesuar; %100 Polyester Sadece kuru temizleme yap\u0131lmal\u0131d\u0131r ALT GRUP: YATAK ODASI TEKST\u0130L\u0130 \u00d6RT\u00dc: 270X270 CM YASTIK: 50X70 CM (2 ADET) DEKORAT\u0130F YASTIK: 50 CM YUVARLAK &nbsp;<\/p>\n","protected":false},"featured_media":25490,"template":"","meta":[],"product_brand":[],"product_cat":[288],"product_tag":[5612],"class_list":{"0":"post-25489","1":"product","2":"type-product","3":"status-publish","4":"has-post-thumbnail","6":"product_cat-900sng","7":"product_tag-5612","9":"first","10":"instock","11":"taxable","12":"shipping-taxable","13":"product-type-simple"},"_links":{"self":[{"href":"https:\/\/kervanmagazacilik.com\/index.php\/wp-json\/wp\/v2\/product\/25489","targetHints":{"allow":["GET"]}}],"collection":[{"href":"https:\/\/kervanmagazacilik.com\/index.php\/wp-json\/wp\/v2\/product"}],"about":[{"href":"https:\/\/kervanmagazacilik.com\/index.php\/wp-json\/wp\/v2\/types\/product"}],"wp:featuredmedia":[{"embeddable":true,"href":"https:\/\/kervanmagazacilik.com\/index.php\/wp-json\/wp\/v2\/media\/25490"}],"wp:attachment":[{"href":"https:\/\/kervanmagazacilik.com\/index.php\/wp-json\/wp\/v2\/media?parent=25489"}],"wp:term":[{"taxonomy":"product_brand","embeddable":true,"href":"https:\/\/kervanmagazacilik.com\/index.php\/wp-json\/wp\/v2\/product_brand?post=25489"},{"taxonomy":"product_cat","embeddable":true,"href":"https:\/\/kervanmagazacilik.com\/index.php\/wp-json\/wp\/v2\/product_cat?post=25489"},{"taxonomy":"product_tag","embeddable":true,"href":"https:\/\/kervanmagazacilik.com\/index.php\/wp-json\/wp\/v2\/product_tag?post=25489"}],"curies":[{"name":"wp","href":"https:\/\/api.w.org\/{rel}","templated":true}]}}