{"id":25460,"date":"2025-05-06T08:30:17","date_gmt":"2025-05-06T05:30:17","guid":{"rendered":"https:\/\/kervanmagazacilik.com\/?post_type=product&#038;p=25460"},"modified":"2025-05-06T08:30:17","modified_gmt":"2025-05-06T05:30:17","slug":"759ova000024","status":"publish","type":"product","link":"https:\/\/kervanmagazacilik.com\/index.php\/urun\/759ova000024\/","title":{"rendered":"759OVA000024"},"content":{"rendered":"<p>759OVA000024<\/p>\n<p>FLORAL YUVARLAK KAPAKLI SEPET (M) 29X19 CM (SPT-333)<\/p>\n<p>MALZEME: PLAST\u0130K \u00c7AP: 29 CM Y\u00dcKSEKL\u0130K: 19 CM HAF\u0130F NEML\u0130 BEZ \u0130LE TOZ ALINMALIDIR<\/p>\n","protected":false},"excerpt":{"rendered":"<p>759OVA000024 FLORAL YUVARLAK KAPAKLI SEPET (M) 29X19 CM (SPT-333) MALZEME: PLAST\u0130K \u00c7AP: 29 CM Y\u00dcKSEKL\u0130K: 19 CM HAF\u0130F NEML\u0130 BEZ \u0130LE TOZ ALINMALIDIR<\/p>\n","protected":false},"featured_media":25461,"template":"","meta":[],"product_brand":[],"product_cat":[28],"product_tag":[5607],"class_list":{"0":"post-25460","1":"product","2":"type-product","3":"status-publish","4":"has-post-thumbnail","6":"product_cat-genel","7":"product_tag-759ova000024","9":"first","10":"instock","11":"taxable","12":"shipping-taxable","13":"product-type-simple"},"_links":{"self":[{"href":"https:\/\/kervanmagazacilik.com\/index.php\/wp-json\/wp\/v2\/product\/25460","targetHints":{"allow":["GET"]}}],"collection":[{"href":"https:\/\/kervanmagazacilik.com\/index.php\/wp-json\/wp\/v2\/product"}],"about":[{"href":"https:\/\/kervanmagazacilik.com\/index.php\/wp-json\/wp\/v2\/types\/product"}],"wp:featuredmedia":[{"embeddable":true,"href":"https:\/\/kervanmagazacilik.com\/index.php\/wp-json\/wp\/v2\/media\/25461"}],"wp:attachment":[{"href":"https:\/\/kervanmagazacilik.com\/index.php\/wp-json\/wp\/v2\/media?parent=25460"}],"wp:term":[{"taxonomy":"product_brand","embeddable":true,"href":"https:\/\/kervanmagazacilik.com\/index.php\/wp-json\/wp\/v2\/product_brand?post=25460"},{"taxonomy":"product_cat","embeddable":true,"href":"https:\/\/kervanmagazacilik.com\/index.php\/wp-json\/wp\/v2\/product_cat?post=25460"},{"taxonomy":"product_tag","embeddable":true,"href":"https:\/\/kervanmagazacilik.com\/index.php\/wp-json\/wp\/v2\/product_tag?post=25460"}],"curies":[{"name":"wp","href":"https:\/\/api.w.org\/{rel}","templated":true}]}}