{"id":25432,"date":"2025-05-02T17:07:06","date_gmt":"2025-05-02T14:07:06","guid":{"rendered":"https:\/\/kervanmagazacilik.com\/?post_type=product&#038;p=25432"},"modified":"2025-05-02T17:07:07","modified_gmt":"2025-05-02T14:07:07","slug":"611dnt000041-2","status":"publish","type":"product","link":"https:\/\/kervanmagazacilik.com\/index.php\/urun\/611dnt000041-2\/","title":{"rendered":"611DNT000041"},"content":{"rendered":"<p>611DNT000041<\/p>\n<p>ELEGANCE SERV\u0130S ARABASI YUVARLAK P\u0130R\u0130N\u00c7 ESK\u0130TME (46,5&#215;46,5 H:76,5cm)<\/p>\n<p>MATERYAL: METAL + POL\u0130\u00dcRETAN + CAM<br \/>\nRENK: P\u0130R\u0130N\u00c7 ESK\u0130TME<br \/>\nHAF\u0130F NEML\u0130 BEZ \u0130LE TOZ ALINMALIDIR<\/p>\n","protected":false},"excerpt":{"rendered":"<p>611DNT000041 ELEGANCE SERV\u0130S ARABASI YUVARLAK P\u0130R\u0130N\u00c7 ESK\u0130TME (46,5&#215;46,5 H:76,5cm) MATERYAL: METAL + POL\u0130\u00dcRETAN + CAM RENK: P\u0130R\u0130N\u00c7 ESK\u0130TME HAF\u0130F NEML\u0130 BEZ \u0130LE TOZ ALINMALIDIR<\/p>\n","protected":false},"featured_media":25433,"template":"","meta":[],"product_brand":[],"product_cat":[88],"product_tag":[5535],"class_list":{"0":"post-25432","1":"product","2":"type-product","3":"status-publish","4":"has-post-thumbnail","6":"product_cat-611dnt","7":"product_tag-611dnt000041","9":"first","10":"instock","11":"taxable","12":"shipping-taxable","13":"product-type-simple"},"_links":{"self":[{"href":"https:\/\/kervanmagazacilik.com\/index.php\/wp-json\/wp\/v2\/product\/25432","targetHints":{"allow":["GET"]}}],"collection":[{"href":"https:\/\/kervanmagazacilik.com\/index.php\/wp-json\/wp\/v2\/product"}],"about":[{"href":"https:\/\/kervanmagazacilik.com\/index.php\/wp-json\/wp\/v2\/types\/product"}],"wp:featuredmedia":[{"embeddable":true,"href":"https:\/\/kervanmagazacilik.com\/index.php\/wp-json\/wp\/v2\/media\/25433"}],"wp:attachment":[{"href":"https:\/\/kervanmagazacilik.com\/index.php\/wp-json\/wp\/v2\/media?parent=25432"}],"wp:term":[{"taxonomy":"product_brand","embeddable":true,"href":"https:\/\/kervanmagazacilik.com\/index.php\/wp-json\/wp\/v2\/product_brand?post=25432"},{"taxonomy":"product_cat","embeddable":true,"href":"https:\/\/kervanmagazacilik.com\/index.php\/wp-json\/wp\/v2\/product_cat?post=25432"},{"taxonomy":"product_tag","embeddable":true,"href":"https:\/\/kervanmagazacilik.com\/index.php\/wp-json\/wp\/v2\/product_tag?post=25432"}],"curies":[{"name":"wp","href":"https:\/\/api.w.org\/{rel}","templated":true}]}}