{"id":25424,"date":"2025-05-02T16:44:33","date_gmt":"2025-05-02T13:44:33","guid":{"rendered":"https:\/\/kervanmagazacilik.com\/?post_type=product&#038;p=25424"},"modified":"2025-05-02T16:44:33","modified_gmt":"2025-05-02T13:44:33","slug":"759ova000035","status":"publish","type":"product","link":"https:\/\/kervanmagazacilik.com\/index.php\/urun\/759ova000035\/","title":{"rendered":"759OVA000035"},"content":{"rendered":"<p>759OVA000035<\/p>\n<p>FLORAL KA\u011eIT HAVLULUK 14X14X27 CM (SPT-361)<\/p>\n<p>MALZEME: PLAST\u0130K HAF\u0130F NEML\u0130 BEZ \u0130LE TOZ ALINMALIDIR<\/p>\n","protected":false},"excerpt":{"rendered":"<p>759OVA000035 FLORAL KA\u011eIT HAVLULUK 14X14X27 CM (SPT-361) MALZEME: PLAST\u0130K HAF\u0130F NEML\u0130 BEZ \u0130LE TOZ ALINMALIDIR<\/p>\n","protected":false},"featured_media":25425,"template":"","meta":[],"product_brand":[],"product_cat":[28],"product_tag":[5602],"class_list":{"0":"post-25424","1":"product","2":"type-product","3":"status-publish","4":"has-post-thumbnail","6":"product_cat-genel","7":"product_tag-759ova000035","9":"first","10":"instock","11":"taxable","12":"shipping-taxable","13":"product-type-simple"},"_links":{"self":[{"href":"https:\/\/kervanmagazacilik.com\/index.php\/wp-json\/wp\/v2\/product\/25424","targetHints":{"allow":["GET"]}}],"collection":[{"href":"https:\/\/kervanmagazacilik.com\/index.php\/wp-json\/wp\/v2\/product"}],"about":[{"href":"https:\/\/kervanmagazacilik.com\/index.php\/wp-json\/wp\/v2\/types\/product"}],"wp:featuredmedia":[{"embeddable":true,"href":"https:\/\/kervanmagazacilik.com\/index.php\/wp-json\/wp\/v2\/media\/25425"}],"wp:attachment":[{"href":"https:\/\/kervanmagazacilik.com\/index.php\/wp-json\/wp\/v2\/media?parent=25424"}],"wp:term":[{"taxonomy":"product_brand","embeddable":true,"href":"https:\/\/kervanmagazacilik.com\/index.php\/wp-json\/wp\/v2\/product_brand?post=25424"},{"taxonomy":"product_cat","embeddable":true,"href":"https:\/\/kervanmagazacilik.com\/index.php\/wp-json\/wp\/v2\/product_cat?post=25424"},{"taxonomy":"product_tag","embeddable":true,"href":"https:\/\/kervanmagazacilik.com\/index.php\/wp-json\/wp\/v2\/product_tag?post=25424"}],"curies":[{"name":"wp","href":"https:\/\/api.w.org\/{rel}","templated":true}]}}