{"id":25411,"date":"2025-05-02T16:38:56","date_gmt":"2025-05-02T13:38:56","guid":{"rendered":"https:\/\/kervanmagazacilik.com\/?post_type=product&#038;p=25411"},"modified":"2025-05-02T16:38:57","modified_gmt":"2025-05-02T13:38:57","slug":"759ova000027","status":"publish","type":"product","link":"https:\/\/kervanmagazacilik.com\/index.php\/urun\/759ova000027\/","title":{"rendered":"759OVA000027"},"content":{"rendered":"<p>759OVA000027<\/p>\n<p>FLORAL 3 KATLI SUNUMLUK 48X33 CM (SPT-339)<\/p>\n<p>MALZEME: PLAST\u0130K + DEM\u0130R HAF\u0130F NEML\u0130 BEZ \u0130LE TOZ ALINMALIDIR<\/p>\n","protected":false},"excerpt":{"rendered":"<p>759OVA000027 FLORAL 3 KATLI SUNUMLUK 48X33 CM (SPT-339) MALZEME: PLAST\u0130K + DEM\u0130R HAF\u0130F NEML\u0130 BEZ \u0130LE TOZ ALINMALIDIR<\/p>\n","protected":false},"featured_media":25412,"template":"","meta":[],"product_brand":[],"product_cat":[28],"product_tag":[5599],"class_list":{"0":"post-25411","1":"product","2":"type-product","3":"status-publish","4":"has-post-thumbnail","6":"product_cat-genel","7":"product_tag-759ova000027","9":"first","10":"instock","11":"taxable","12":"shipping-taxable","13":"product-type-simple"},"_links":{"self":[{"href":"https:\/\/kervanmagazacilik.com\/index.php\/wp-json\/wp\/v2\/product\/25411","targetHints":{"allow":["GET"]}}],"collection":[{"href":"https:\/\/kervanmagazacilik.com\/index.php\/wp-json\/wp\/v2\/product"}],"about":[{"href":"https:\/\/kervanmagazacilik.com\/index.php\/wp-json\/wp\/v2\/types\/product"}],"wp:featuredmedia":[{"embeddable":true,"href":"https:\/\/kervanmagazacilik.com\/index.php\/wp-json\/wp\/v2\/media\/25412"}],"wp:attachment":[{"href":"https:\/\/kervanmagazacilik.com\/index.php\/wp-json\/wp\/v2\/media?parent=25411"}],"wp:term":[{"taxonomy":"product_brand","embeddable":true,"href":"https:\/\/kervanmagazacilik.com\/index.php\/wp-json\/wp\/v2\/product_brand?post=25411"},{"taxonomy":"product_cat","embeddable":true,"href":"https:\/\/kervanmagazacilik.com\/index.php\/wp-json\/wp\/v2\/product_cat?post=25411"},{"taxonomy":"product_tag","embeddable":true,"href":"https:\/\/kervanmagazacilik.com\/index.php\/wp-json\/wp\/v2\/product_tag?post=25411"}],"curies":[{"name":"wp","href":"https:\/\/api.w.org\/{rel}","templated":true}]}}