{"id":25360,"date":"2025-05-02T16:15:06","date_gmt":"2025-05-02T13:15:06","guid":{"rendered":"https:\/\/kervanmagazacilik.com\/?post_type=product&#038;p=25360"},"modified":"2025-05-02T16:15:07","modified_gmt":"2025-05-02T13:15:07","slug":"759ova000004","status":"publish","type":"product","link":"https:\/\/kervanmagazacilik.com\/index.php\/urun\/759ova000004\/","title":{"rendered":"759OVA000004"},"content":{"rendered":"<p>759OVA000004<\/p>\n<p>FLORAL EKMEK SEPET\u0130 21X35X22 CM (SPT-272)<\/p>\n<p>MALZEME: PLAST\u0130K SEPET \u0130\u00c7ER\u0130S\u0130NDE KUMA\u015e BULUNMAKTADIR HAF\u0130F NEML\u0130 BEZ \u0130LE TOZ ALINMALIDIR<\/p>\n","protected":false},"excerpt":{"rendered":"<p>759OVA000004 FLORAL EKMEK SEPET\u0130 21X35X22 CM (SPT-272) MALZEME: PLAST\u0130K SEPET \u0130\u00c7ER\u0130S\u0130NDE KUMA\u015e BULUNMAKTADIR HAF\u0130F NEML\u0130 BEZ \u0130LE TOZ ALINMALIDIR<\/p>\n","protected":false},"featured_media":25361,"template":"","meta":[],"product_brand":[],"product_cat":[28],"product_tag":[5589],"class_list":{"0":"post-25360","1":"product","2":"type-product","3":"status-publish","4":"has-post-thumbnail","6":"product_cat-genel","7":"product_tag-759ova000004","9":"first","10":"instock","11":"taxable","12":"shipping-taxable","13":"product-type-simple"},"_links":{"self":[{"href":"https:\/\/kervanmagazacilik.com\/index.php\/wp-json\/wp\/v2\/product\/25360","targetHints":{"allow":["GET"]}}],"collection":[{"href":"https:\/\/kervanmagazacilik.com\/index.php\/wp-json\/wp\/v2\/product"}],"about":[{"href":"https:\/\/kervanmagazacilik.com\/index.php\/wp-json\/wp\/v2\/types\/product"}],"wp:featuredmedia":[{"embeddable":true,"href":"https:\/\/kervanmagazacilik.com\/index.php\/wp-json\/wp\/v2\/media\/25361"}],"wp:attachment":[{"href":"https:\/\/kervanmagazacilik.com\/index.php\/wp-json\/wp\/v2\/media?parent=25360"}],"wp:term":[{"taxonomy":"product_brand","embeddable":true,"href":"https:\/\/kervanmagazacilik.com\/index.php\/wp-json\/wp\/v2\/product_brand?post=25360"},{"taxonomy":"product_cat","embeddable":true,"href":"https:\/\/kervanmagazacilik.com\/index.php\/wp-json\/wp\/v2\/product_cat?post=25360"},{"taxonomy":"product_tag","embeddable":true,"href":"https:\/\/kervanmagazacilik.com\/index.php\/wp-json\/wp\/v2\/product_tag?post=25360"}],"curies":[{"name":"wp","href":"https:\/\/api.w.org\/{rel}","templated":true}]}}