{"id":25335,"date":"2025-04-30T17:30:42","date_gmt":"2025-04-30T14:30:42","guid":{"rendered":"https:\/\/kervanmagazacilik.com\/?post_type=product&#038;p=25335"},"modified":"2025-04-30T17:30:42","modified_gmt":"2025-04-30T14:30:42","slug":"241063027861","status":"publish","type":"product","link":"https:\/\/kervanmagazacilik.com\/index.php\/urun\/241063027861\/","title":{"rendered":"241063027861"},"content":{"rendered":"<p>241063027861<\/p>\n<p>RANOSSE MASA \u00d6RT\u00dcS\u00dc KREM 180x320cm<\/p>\n<p>Kuma\u015f; %100 Polyester<br \/>\nAksesuar: %100 polyester<br \/>\nSadece kuru temizleme yap\u0131lmal\u0131d\u0131r<\/p>\n<p>&nbsp;<\/p>\n","protected":false},"excerpt":{"rendered":"<p>241063027861 RANOSSE MASA \u00d6RT\u00dcS\u00dc KREM 180x320cm Kuma\u015f; %100 Polyester Aksesuar: %100 polyester Sadece kuru temizleme yap\u0131lmal\u0131d\u0131r &nbsp;<\/p>\n","protected":false},"featured_media":25336,"template":"","meta":[],"product_brand":[],"product_cat":[3250],"product_tag":[5584],"class_list":{"0":"post-25335","1":"product","2":"type-product","3":"status-publish","4":"has-post-thumbnail","6":"product_cat-3250","7":"product_tag-5584","9":"first","10":"instock","11":"taxable","12":"shipping-taxable","13":"product-type-simple"},"_links":{"self":[{"href":"https:\/\/kervanmagazacilik.com\/index.php\/wp-json\/wp\/v2\/product\/25335","targetHints":{"allow":["GET"]}}],"collection":[{"href":"https:\/\/kervanmagazacilik.com\/index.php\/wp-json\/wp\/v2\/product"}],"about":[{"href":"https:\/\/kervanmagazacilik.com\/index.php\/wp-json\/wp\/v2\/types\/product"}],"wp:featuredmedia":[{"embeddable":true,"href":"https:\/\/kervanmagazacilik.com\/index.php\/wp-json\/wp\/v2\/media\/25336"}],"wp:attachment":[{"href":"https:\/\/kervanmagazacilik.com\/index.php\/wp-json\/wp\/v2\/media?parent=25335"}],"wp:term":[{"taxonomy":"product_brand","embeddable":true,"href":"https:\/\/kervanmagazacilik.com\/index.php\/wp-json\/wp\/v2\/product_brand?post=25335"},{"taxonomy":"product_cat","embeddable":true,"href":"https:\/\/kervanmagazacilik.com\/index.php\/wp-json\/wp\/v2\/product_cat?post=25335"},{"taxonomy":"product_tag","embeddable":true,"href":"https:\/\/kervanmagazacilik.com\/index.php\/wp-json\/wp\/v2\/product_tag?post=25335"}],"curies":[{"name":"wp","href":"https:\/\/api.w.org\/{rel}","templated":true}]}}