{"id":25169,"date":"2025-04-30T15:31:59","date_gmt":"2025-04-30T12:31:59","guid":{"rendered":"https:\/\/kervanmagazacilik.com\/?post_type=product&#038;p=25169"},"modified":"2025-04-30T15:32:00","modified_gmt":"2025-04-30T12:32:00","slug":"161hsh001103-2","status":"publish","type":"product","link":"https:\/\/kervanmagazacilik.com\/index.php\/urun\/161hsh001103-2\/","title":{"rendered":"161HSH001103"},"content":{"rendered":"<p>161HSH001103<\/p>\n<p>ROSE PERLA BORNOZ EKRU S\/M BEDEN<\/p>\n<p>Bornoz; %60 pamuk %40 bambu<br \/>\nAksesuar; %100 polyester<br \/>\n30 derece y\u0131kama<br \/>\n\u00c7ama\u015f\u0131r suyu konamaz<br \/>\nKurutma makinesinde kurutulamaz<br \/>\nD\u00fc\u015f\u00fck \u0131s\u0131da \u00fct\u00fclenmelidir<\/p>\n","protected":false},"excerpt":{"rendered":"<p>161HSH001103 ROSE PERLA BORNOZ EKRU S\/M BEDEN Bornoz; %60 pamuk %40 bambu Aksesuar; %100 polyester 30 derece y\u0131kama \u00c7ama\u015f\u0131r suyu konamaz Kurutma makinesinde kurutulamaz D\u00fc\u015f\u00fck \u0131s\u0131da \u00fct\u00fclenmelidir<\/p>\n","protected":false},"featured_media":25170,"template":"","meta":[],"product_brand":[],"product_cat":[2878],"product_tag":[2890],"class_list":{"0":"post-25169","1":"product","2":"type-product","3":"status-publish","4":"has-post-thumbnail","6":"product_cat-161hsh","7":"product_tag-161hsh001103","9":"first","10":"instock","11":"taxable","12":"shipping-taxable","13":"product-type-simple"},"_links":{"self":[{"href":"https:\/\/kervanmagazacilik.com\/index.php\/wp-json\/wp\/v2\/product\/25169","targetHints":{"allow":["GET"]}}],"collection":[{"href":"https:\/\/kervanmagazacilik.com\/index.php\/wp-json\/wp\/v2\/product"}],"about":[{"href":"https:\/\/kervanmagazacilik.com\/index.php\/wp-json\/wp\/v2\/types\/product"}],"wp:featuredmedia":[{"embeddable":true,"href":"https:\/\/kervanmagazacilik.com\/index.php\/wp-json\/wp\/v2\/media\/25170"}],"wp:attachment":[{"href":"https:\/\/kervanmagazacilik.com\/index.php\/wp-json\/wp\/v2\/media?parent=25169"}],"wp:term":[{"taxonomy":"product_brand","embeddable":true,"href":"https:\/\/kervanmagazacilik.com\/index.php\/wp-json\/wp\/v2\/product_brand?post=25169"},{"taxonomy":"product_cat","embeddable":true,"href":"https:\/\/kervanmagazacilik.com\/index.php\/wp-json\/wp\/v2\/product_cat?post=25169"},{"taxonomy":"product_tag","embeddable":true,"href":"https:\/\/kervanmagazacilik.com\/index.php\/wp-json\/wp\/v2\/product_tag?post=25169"}],"curies":[{"name":"wp","href":"https:\/\/api.w.org\/{rel}","templated":true}]}}