{"id":25066,"date":"2025-04-30T14:32:44","date_gmt":"2025-04-30T11:32:44","guid":{"rendered":"https:\/\/kervanmagazacilik.com\/?post_type=product&#038;p=25066"},"modified":"2025-04-30T14:32:44","modified_gmt":"2025-04-30T11:32:44","slug":"759ova000043","status":"publish","type":"product","link":"https:\/\/kervanmagazacilik.com\/index.php\/urun\/759ova000043\/","title":{"rendered":"759OVA000043"},"content":{"rendered":"<p>759OVA000043<\/p>\n<p>LAVENDER D\u0130KD. SEPET (L) 26X36 CM (SPT-275)<\/p>\n<p>MALZEME: PLAST\u0130K HAF\u0130F NEML\u0130 BEZ \u0130LE TOZ ALINMALIDIR<\/p>\n","protected":false},"excerpt":{"rendered":"<p>759OVA000043 LAVENDER D\u0130KD. SEPET (L) 26X36 CM (SPT-275) MALZEME: PLAST\u0130K HAF\u0130F NEML\u0130 BEZ \u0130LE TOZ ALINMALIDIR<\/p>\n","protected":false},"featured_media":25067,"template":"","meta":[],"product_brand":[],"product_cat":[28],"product_tag":[5543],"class_list":{"0":"post-25066","1":"product","2":"type-product","3":"status-publish","4":"has-post-thumbnail","6":"product_cat-genel","7":"product_tag-759ova000043","9":"first","10":"instock","11":"taxable","12":"shipping-taxable","13":"product-type-simple"},"_links":{"self":[{"href":"https:\/\/kervanmagazacilik.com\/index.php\/wp-json\/wp\/v2\/product\/25066","targetHints":{"allow":["GET"]}}],"collection":[{"href":"https:\/\/kervanmagazacilik.com\/index.php\/wp-json\/wp\/v2\/product"}],"about":[{"href":"https:\/\/kervanmagazacilik.com\/index.php\/wp-json\/wp\/v2\/types\/product"}],"wp:featuredmedia":[{"embeddable":true,"href":"https:\/\/kervanmagazacilik.com\/index.php\/wp-json\/wp\/v2\/media\/25067"}],"wp:attachment":[{"href":"https:\/\/kervanmagazacilik.com\/index.php\/wp-json\/wp\/v2\/media?parent=25066"}],"wp:term":[{"taxonomy":"product_brand","embeddable":true,"href":"https:\/\/kervanmagazacilik.com\/index.php\/wp-json\/wp\/v2\/product_brand?post=25066"},{"taxonomy":"product_cat","embeddable":true,"href":"https:\/\/kervanmagazacilik.com\/index.php\/wp-json\/wp\/v2\/product_cat?post=25066"},{"taxonomy":"product_tag","embeddable":true,"href":"https:\/\/kervanmagazacilik.com\/index.php\/wp-json\/wp\/v2\/product_tag?post=25066"}],"curies":[{"name":"wp","href":"https:\/\/api.w.org\/{rel}","templated":true}]}}