{"id":25013,"date":"2025-04-29T09:46:44","date_gmt":"2025-04-29T06:46:44","guid":{"rendered":"https:\/\/kervanmagazacilik.com\/?post_type=product&#038;p=25013"},"modified":"2025-04-29T09:46:45","modified_gmt":"2025-04-29T06:46:45","slug":"759ova000070","status":"publish","type":"product","link":"https:\/\/kervanmagazacilik.com\/index.php\/urun\/759ova000070\/","title":{"rendered":"759OVA000070"},"content":{"rendered":"<p>759OVA000070<\/p>\n<p>LAVENDER 2 KATLI SUNUMLUK 25X25X42 CM (SPT-328)<\/p>\n<p>MALZEME: PLAST\u0130K HAF\u0130F NEML\u0130 BEZ \u0130LE TOZ ALINMALIDIR<\/p>\n","protected":false},"excerpt":{"rendered":"<p>759OVA000070 LAVENDER 2 KATLI SUNUMLUK 25X25X42 CM (SPT-328) MALZEME: PLAST\u0130K HAF\u0130F NEML\u0130 BEZ \u0130LE TOZ ALINMALIDIR<\/p>\n","protected":false},"featured_media":25014,"template":"","meta":[],"product_brand":[],"product_cat":[28],"product_tag":[5532],"class_list":{"0":"post-25013","1":"product","2":"type-product","3":"status-publish","4":"has-post-thumbnail","6":"product_cat-genel","7":"product_tag-759ova000070","9":"first","10":"instock","11":"taxable","12":"shipping-taxable","13":"product-type-simple"},"_links":{"self":[{"href":"https:\/\/kervanmagazacilik.com\/index.php\/wp-json\/wp\/v2\/product\/25013","targetHints":{"allow":["GET"]}}],"collection":[{"href":"https:\/\/kervanmagazacilik.com\/index.php\/wp-json\/wp\/v2\/product"}],"about":[{"href":"https:\/\/kervanmagazacilik.com\/index.php\/wp-json\/wp\/v2\/types\/product"}],"wp:featuredmedia":[{"embeddable":true,"href":"https:\/\/kervanmagazacilik.com\/index.php\/wp-json\/wp\/v2\/media\/25014"}],"wp:attachment":[{"href":"https:\/\/kervanmagazacilik.com\/index.php\/wp-json\/wp\/v2\/media?parent=25013"}],"wp:term":[{"taxonomy":"product_brand","embeddable":true,"href":"https:\/\/kervanmagazacilik.com\/index.php\/wp-json\/wp\/v2\/product_brand?post=25013"},{"taxonomy":"product_cat","embeddable":true,"href":"https:\/\/kervanmagazacilik.com\/index.php\/wp-json\/wp\/v2\/product_cat?post=25013"},{"taxonomy":"product_tag","embeddable":true,"href":"https:\/\/kervanmagazacilik.com\/index.php\/wp-json\/wp\/v2\/product_tag?post=25013"}],"curies":[{"name":"wp","href":"https:\/\/api.w.org\/{rel}","templated":true}]}}