{"id":24990,"date":"2025-04-29T09:37:01","date_gmt":"2025-04-29T06:37:01","guid":{"rendered":"https:\/\/kervanmagazacilik.com\/?post_type=product&#038;p=24990"},"modified":"2025-04-29T09:37:01","modified_gmt":"2025-04-29T06:37:01","slug":"759ova000060","status":"publish","type":"product","link":"https:\/\/kervanmagazacilik.com\/index.php\/urun\/759ova000060\/","title":{"rendered":"759OVA000060"},"content":{"rendered":"<p>759OVA000060<\/p>\n<p>LAVENDER YUVARLAK KAPAKLI SEPET (M) 29X19 CM (SPT-333)<\/p>\n<p>MALZEME: PLAST\u0130K \u00c7AP: 29 CM Y\u00dcKSEKL\u0130K: 19 CM HAF\u0130F NEML\u0130 BEZ \u0130LE TOZ ALINMALIDIR<\/p>\n","protected":false},"excerpt":{"rendered":"<p>759OVA000060 LAVENDER YUVARLAK KAPAKLI SEPET (M) 29X19 CM (SPT-333) MALZEME: PLAST\u0130K \u00c7AP: 29 CM Y\u00dcKSEKL\u0130K: 19 CM HAF\u0130F NEML\u0130 BEZ \u0130LE TOZ ALINMALIDIR<\/p>\n","protected":false},"featured_media":24991,"template":"","meta":[],"product_brand":[],"product_cat":[28],"product_tag":[5528],"class_list":{"0":"post-24990","1":"product","2":"type-product","3":"status-publish","4":"has-post-thumbnail","6":"product_cat-genel","7":"product_tag-759ova000060","9":"first","10":"instock","11":"taxable","12":"shipping-taxable","13":"product-type-simple"},"_links":{"self":[{"href":"https:\/\/kervanmagazacilik.com\/index.php\/wp-json\/wp\/v2\/product\/24990","targetHints":{"allow":["GET"]}}],"collection":[{"href":"https:\/\/kervanmagazacilik.com\/index.php\/wp-json\/wp\/v2\/product"}],"about":[{"href":"https:\/\/kervanmagazacilik.com\/index.php\/wp-json\/wp\/v2\/types\/product"}],"wp:featuredmedia":[{"embeddable":true,"href":"https:\/\/kervanmagazacilik.com\/index.php\/wp-json\/wp\/v2\/media\/24991"}],"wp:attachment":[{"href":"https:\/\/kervanmagazacilik.com\/index.php\/wp-json\/wp\/v2\/media?parent=24990"}],"wp:term":[{"taxonomy":"product_brand","embeddable":true,"href":"https:\/\/kervanmagazacilik.com\/index.php\/wp-json\/wp\/v2\/product_brand?post=24990"},{"taxonomy":"product_cat","embeddable":true,"href":"https:\/\/kervanmagazacilik.com\/index.php\/wp-json\/wp\/v2\/product_cat?post=24990"},{"taxonomy":"product_tag","embeddable":true,"href":"https:\/\/kervanmagazacilik.com\/index.php\/wp-json\/wp\/v2\/product_tag?post=24990"}],"curies":[{"name":"wp","href":"https:\/\/api.w.org\/{rel}","templated":true}]}}