{"id":24984,"date":"2025-04-29T09:34:40","date_gmt":"2025-04-29T06:34:40","guid":{"rendered":"https:\/\/kervanmagazacilik.com\/?post_type=product&#038;p=24984"},"modified":"2025-04-29T09:34:40","modified_gmt":"2025-04-29T06:34:40","slug":"759ova000059","status":"publish","type":"product","link":"https:\/\/kervanmagazacilik.com\/index.php\/urun\/759ova000059\/","title":{"rendered":"759OVA000059"},"content":{"rendered":"<p>759OVA000059<\/p>\n<p>LAVENDER KULPLU YUVARLAK P\u0130KN\u0130K SEPET\u0130 (M) 29X19 CM (SPT-332)<\/p>\n<p>MALZEME: PLAST\u0130K \u00c7AP: 29 CM Y\u00dcKSEKL\u0130K: 19 CM HAF\u0130F NEML\u0130 BEZ \u0130LE TOZ ALINMALIDIR<\/p>\n","protected":false},"excerpt":{"rendered":"<p>759OVA000059 LAVENDER KULPLU YUVARLAK P\u0130KN\u0130K SEPET\u0130 (M) 29X19 CM (SPT-332) MALZEME: PLAST\u0130K \u00c7AP: 29 CM Y\u00dcKSEKL\u0130K: 19 CM HAF\u0130F NEML\u0130 BEZ \u0130LE TOZ ALINMALIDIR<\/p>\n","protected":false},"featured_media":24985,"template":"","meta":[],"product_brand":[],"product_cat":[28],"product_tag":[5527],"class_list":{"0":"post-24984","1":"product","2":"type-product","3":"status-publish","4":"has-post-thumbnail","6":"product_cat-genel","7":"product_tag-759ova000059","9":"first","10":"instock","11":"taxable","12":"shipping-taxable","13":"product-type-simple"},"_links":{"self":[{"href":"https:\/\/kervanmagazacilik.com\/index.php\/wp-json\/wp\/v2\/product\/24984","targetHints":{"allow":["GET"]}}],"collection":[{"href":"https:\/\/kervanmagazacilik.com\/index.php\/wp-json\/wp\/v2\/product"}],"about":[{"href":"https:\/\/kervanmagazacilik.com\/index.php\/wp-json\/wp\/v2\/types\/product"}],"wp:featuredmedia":[{"embeddable":true,"href":"https:\/\/kervanmagazacilik.com\/index.php\/wp-json\/wp\/v2\/media\/24985"}],"wp:attachment":[{"href":"https:\/\/kervanmagazacilik.com\/index.php\/wp-json\/wp\/v2\/media?parent=24984"}],"wp:term":[{"taxonomy":"product_brand","embeddable":true,"href":"https:\/\/kervanmagazacilik.com\/index.php\/wp-json\/wp\/v2\/product_brand?post=24984"},{"taxonomy":"product_cat","embeddable":true,"href":"https:\/\/kervanmagazacilik.com\/index.php\/wp-json\/wp\/v2\/product_cat?post=24984"},{"taxonomy":"product_tag","embeddable":true,"href":"https:\/\/kervanmagazacilik.com\/index.php\/wp-json\/wp\/v2\/product_tag?post=24984"}],"curies":[{"name":"wp","href":"https:\/\/api.w.org\/{rel}","templated":true}]}}