{"id":24953,"date":"2025-04-29T09:17:45","date_gmt":"2025-04-29T06:17:45","guid":{"rendered":"https:\/\/kervanmagazacilik.com\/?post_type=product&#038;p=24953"},"modified":"2025-04-29T09:17:45","modified_gmt":"2025-04-29T06:17:45","slug":"759ova000052","status":"publish","type":"product","link":"https:\/\/kervanmagazacilik.com\/index.php\/urun\/759ova000052\/","title":{"rendered":"759OVA000052"},"content":{"rendered":"<p>759OVA000052<\/p>\n<p>LAVENDER 3&#8217;L\u00dc KAVANOZ SET (7 PR\u00c7) 13X38X25 CM (SPT-303)<\/p>\n<p>MALZEME: PLAST\u0130K+CAM \u0130\u00c7ER\u0130K; ALT SEPET, 3 ADET KAPAKLI CAM KAVANOZ , 3 ADET KAVANOZ SEPET\u0130 HAF\u0130F NEML\u0130 BEZ \u0130LE TOZ ALINMALIDIR<\/p>\n","protected":false},"excerpt":{"rendered":"<p>759OVA000052 LAVENDER 3&#8217;L\u00dc KAVANOZ SET (7 PR\u00c7) 13X38X25 CM (SPT-303) MALZEME: PLAST\u0130K+CAM \u0130\u00c7ER\u0130K; ALT SEPET, 3 ADET KAPAKLI CAM KAVANOZ , 3 ADET KAVANOZ SEPET\u0130 HAF\u0130F NEML\u0130 BEZ \u0130LE TOZ ALINMALIDIR<\/p>\n","protected":false},"featured_media":24954,"template":"","meta":[],"product_brand":[],"product_cat":[28],"product_tag":[5526],"class_list":{"0":"post-24953","1":"product","2":"type-product","3":"status-publish","4":"has-post-thumbnail","6":"product_cat-genel","7":"product_tag-759ova000052","9":"first","10":"instock","11":"taxable","12":"shipping-taxable","13":"product-type-simple"},"_links":{"self":[{"href":"https:\/\/kervanmagazacilik.com\/index.php\/wp-json\/wp\/v2\/product\/24953","targetHints":{"allow":["GET"]}}],"collection":[{"href":"https:\/\/kervanmagazacilik.com\/index.php\/wp-json\/wp\/v2\/product"}],"about":[{"href":"https:\/\/kervanmagazacilik.com\/index.php\/wp-json\/wp\/v2\/types\/product"}],"wp:featuredmedia":[{"embeddable":true,"href":"https:\/\/kervanmagazacilik.com\/index.php\/wp-json\/wp\/v2\/media\/24954"}],"wp:attachment":[{"href":"https:\/\/kervanmagazacilik.com\/index.php\/wp-json\/wp\/v2\/media?parent=24953"}],"wp:term":[{"taxonomy":"product_brand","embeddable":true,"href":"https:\/\/kervanmagazacilik.com\/index.php\/wp-json\/wp\/v2\/product_brand?post=24953"},{"taxonomy":"product_cat","embeddable":true,"href":"https:\/\/kervanmagazacilik.com\/index.php\/wp-json\/wp\/v2\/product_cat?post=24953"},{"taxonomy":"product_tag","embeddable":true,"href":"https:\/\/kervanmagazacilik.com\/index.php\/wp-json\/wp\/v2\/product_tag?post=24953"}],"curies":[{"name":"wp","href":"https:\/\/api.w.org\/{rel}","templated":true}]}}