{"id":24548,"date":"2025-04-24T10:53:48","date_gmt":"2025-04-24T07:53:48","guid":{"rendered":"https:\/\/kervanmagazacilik.com\/?post_type=product&#038;p=24548"},"modified":"2025-04-24T10:53:48","modified_gmt":"2025-04-24T07:53:48","slug":"150hsh000924-2","status":"publish","type":"product","link":"https:\/\/kervanmagazacilik.com\/index.php\/urun\/150hsh000924-2\/","title":{"rendered":"150HSH000924"},"content":{"rendered":"<p>150HSH000924<\/p>\n<p>ROSE PERLA TERLIK ECRU<\/p>\n<p>Terlik; %60 pamuk %40 bambu<br \/>\nAksesuar; %100 polyester<br \/>\n30 derece y\u0131kama<br \/>\n\u00c7ama\u015f\u0131r suyu konamaz<br \/>\nKurutma makinesinde kurutulamaz<br \/>\nD\u00fc\u015f\u00fck \u0131s\u0131da \u00fct\u00fclenmelidir<\/p>\n","protected":false},"excerpt":{"rendered":"<p>150HSH000924 ROSE PERLA TERLIK ECRU Terlik; %60 pamuk %40 bambu Aksesuar; %100 polyester 30 derece y\u0131kama \u00c7ama\u015f\u0131r suyu konamaz Kurutma makinesinde kurutulamaz D\u00fc\u015f\u00fck \u0131s\u0131da \u00fct\u00fclenmelidir<\/p>\n","protected":false},"featured_media":24549,"template":"","meta":[],"product_brand":[],"product_cat":[164],"product_tag":[2873],"class_list":{"0":"post-24548","1":"product","2":"type-product","3":"status-publish","4":"has-post-thumbnail","6":"product_cat-150hsh","7":"product_tag-150hsh000924","9":"first","10":"instock","11":"taxable","12":"shipping-taxable","13":"product-type-simple"},"_links":{"self":[{"href":"https:\/\/kervanmagazacilik.com\/index.php\/wp-json\/wp\/v2\/product\/24548","targetHints":{"allow":["GET"]}}],"collection":[{"href":"https:\/\/kervanmagazacilik.com\/index.php\/wp-json\/wp\/v2\/product"}],"about":[{"href":"https:\/\/kervanmagazacilik.com\/index.php\/wp-json\/wp\/v2\/types\/product"}],"wp:featuredmedia":[{"embeddable":true,"href":"https:\/\/kervanmagazacilik.com\/index.php\/wp-json\/wp\/v2\/media\/24549"}],"wp:attachment":[{"href":"https:\/\/kervanmagazacilik.com\/index.php\/wp-json\/wp\/v2\/media?parent=24548"}],"wp:term":[{"taxonomy":"product_brand","embeddable":true,"href":"https:\/\/kervanmagazacilik.com\/index.php\/wp-json\/wp\/v2\/product_brand?post=24548"},{"taxonomy":"product_cat","embeddable":true,"href":"https:\/\/kervanmagazacilik.com\/index.php\/wp-json\/wp\/v2\/product_cat?post=24548"},{"taxonomy":"product_tag","embeddable":true,"href":"https:\/\/kervanmagazacilik.com\/index.php\/wp-json\/wp\/v2\/product_tag?post=24548"}],"curies":[{"name":"wp","href":"https:\/\/api.w.org\/{rel}","templated":true}]}}