{"id":24455,"date":"2025-04-22T12:04:33","date_gmt":"2025-04-22T09:04:33","guid":{"rendered":"https:\/\/kervanmagazacilik.com\/?post_type=product&#038;p=24455"},"modified":"2025-04-22T12:04:34","modified_gmt":"2025-04-22T09:04:34","slug":"611dab000024","status":"publish","type":"product","link":"https:\/\/kervanmagazacilik.com\/index.php\/urun\/611dab000024\/","title":{"rendered":"611DAB000024"},"content":{"rendered":"<p><strong>611DAB000024<\/strong><\/p>\n<p>SARAH \u00dc\u00c7L\u00dc KOLTUK 100x200x90cm<\/p>\n<p>&nbsp;<\/p>\n","protected":false},"excerpt":{"rendered":"<p>611DAB000024 SARAH \u00dc\u00c7L\u00dc KOLTUK 100x200x90cm &nbsp;<\/p>\n","protected":false},"featured_media":24456,"template":"","meta":[],"product_brand":[],"product_cat":[145],"product_tag":[5451],"class_list":{"0":"post-24455","1":"product","2":"type-product","3":"status-publish","4":"has-post-thumbnail","6":"product_cat-611dab","7":"product_tag-611dab000024","9":"first","10":"instock","11":"taxable","12":"shipping-taxable","13":"product-type-simple"},"_links":{"self":[{"href":"https:\/\/kervanmagazacilik.com\/index.php\/wp-json\/wp\/v2\/product\/24455","targetHints":{"allow":["GET"]}}],"collection":[{"href":"https:\/\/kervanmagazacilik.com\/index.php\/wp-json\/wp\/v2\/product"}],"about":[{"href":"https:\/\/kervanmagazacilik.com\/index.php\/wp-json\/wp\/v2\/types\/product"}],"wp:featuredmedia":[{"embeddable":true,"href":"https:\/\/kervanmagazacilik.com\/index.php\/wp-json\/wp\/v2\/media\/24456"}],"wp:attachment":[{"href":"https:\/\/kervanmagazacilik.com\/index.php\/wp-json\/wp\/v2\/media?parent=24455"}],"wp:term":[{"taxonomy":"product_brand","embeddable":true,"href":"https:\/\/kervanmagazacilik.com\/index.php\/wp-json\/wp\/v2\/product_brand?post=24455"},{"taxonomy":"product_cat","embeddable":true,"href":"https:\/\/kervanmagazacilik.com\/index.php\/wp-json\/wp\/v2\/product_cat?post=24455"},{"taxonomy":"product_tag","embeddable":true,"href":"https:\/\/kervanmagazacilik.com\/index.php\/wp-json\/wp\/v2\/product_tag?post=24455"}],"curies":[{"name":"wp","href":"https:\/\/api.w.org\/{rel}","templated":true}]}}