{"id":24347,"date":"2025-04-18T14:22:31","date_gmt":"2025-04-18T11:22:31","guid":{"rendered":"https:\/\/kervanmagazacilik.com\/?post_type=product&#038;p=24347"},"modified":"2025-04-18T14:22:31","modified_gmt":"2025-04-18T11:22:31","slug":"012099046063","status":"publish","type":"product","link":"https:\/\/kervanmagazacilik.com\/index.php\/urun\/012099046063\/","title":{"rendered":"012099046063"},"content":{"rendered":"<p>012099046063<\/p>\n<p>CAR\u0130LLA YATAK \u00d6RT\u00dcS\u00dc BEJ CK 270x270cm 4 PRC<\/p>\n<p>Kuma\u015f; %100 Polyester<br \/>\nAksesuar; %100 Polyester<br \/>\nSadece kuru temizleme yap\u0131lmal\u0131d\u0131r<\/p>\n<p>\u00d6RT\u00dc: 270X270 CM<br \/>\nYASTIK: 50X70 CM (2 ADET)<br \/>\nKIRLENT: 40X65 CM (1 ADET)<\/p>\n","protected":false},"excerpt":{"rendered":"<p>012099046063 CAR\u0130LLA YATAK \u00d6RT\u00dcS\u00dc BEJ CK 270x270cm 4 PRC Kuma\u015f; %100 Polyester Aksesuar; %100 Polyester Sadece kuru temizleme yap\u0131lmal\u0131d\u0131r \u00d6RT\u00dc: 270X270 CM YASTIK: 50X70 CM (2 ADET) KIRLENT: 40X65 CM (1 ADET)<\/p>\n","protected":false},"featured_media":24348,"template":"","meta":[],"product_brand":[],"product_cat":[2474],"product_tag":[5431],"class_list":{"0":"post-24347","1":"product","2":"type-product","3":"status-publish","4":"has-post-thumbnail","6":"product_cat-2474","7":"product_tag-5431","9":"first","10":"instock","11":"taxable","12":"shipping-taxable","13":"product-type-simple"},"_links":{"self":[{"href":"https:\/\/kervanmagazacilik.com\/index.php\/wp-json\/wp\/v2\/product\/24347","targetHints":{"allow":["GET"]}}],"collection":[{"href":"https:\/\/kervanmagazacilik.com\/index.php\/wp-json\/wp\/v2\/product"}],"about":[{"href":"https:\/\/kervanmagazacilik.com\/index.php\/wp-json\/wp\/v2\/types\/product"}],"wp:featuredmedia":[{"embeddable":true,"href":"https:\/\/kervanmagazacilik.com\/index.php\/wp-json\/wp\/v2\/media\/24348"}],"wp:attachment":[{"href":"https:\/\/kervanmagazacilik.com\/index.php\/wp-json\/wp\/v2\/media?parent=24347"}],"wp:term":[{"taxonomy":"product_brand","embeddable":true,"href":"https:\/\/kervanmagazacilik.com\/index.php\/wp-json\/wp\/v2\/product_brand?post=24347"},{"taxonomy":"product_cat","embeddable":true,"href":"https:\/\/kervanmagazacilik.com\/index.php\/wp-json\/wp\/v2\/product_cat?post=24347"},{"taxonomy":"product_tag","embeddable":true,"href":"https:\/\/kervanmagazacilik.com\/index.php\/wp-json\/wp\/v2\/product_tag?post=24347"}],"curies":[{"name":"wp","href":"https:\/\/api.w.org\/{rel}","templated":true}]}}