{"id":24330,"date":"2025-04-18T14:11:00","date_gmt":"2025-04-18T11:11:00","guid":{"rendered":"https:\/\/kervanmagazacilik.com\/?post_type=product&#038;p=24330"},"modified":"2025-04-18T14:11:00","modified_gmt":"2025-04-18T11:11:00","slug":"042004802561","status":"publish","type":"product","link":"https:\/\/kervanmagazacilik.com\/index.php\/urun\/042004802561\/","title":{"rendered":"042004802561"},"content":{"rendered":"<p>042004802561<\/p>\n<p>MASS\u0130 P\u0130KE TAKIMI 240X250 CK 3 PRC KREM-TA\u015e<\/p>\n<p>Kuma\u015f, %100 Polyester<br \/>\nAksesuar, %100 Polyester<br \/>\n30 derece narin y\u0131kama<br \/>\n\u00c7ama\u015f\u0131r suyu konamaz<br \/>\nKurutma makinesinde kurutulamaz<br \/>\nD\u00fc\u015f\u00fck \u0131s\u0131da \u00fct\u00fclenmelidir<br \/>\nP\u0130KE: 240X250 CM<br \/>\nYASTIK: 50X70 CM (2 ADET)<\/p>\n","protected":false},"excerpt":{"rendered":"<p>042004802561 MASS\u0130 P\u0130KE TAKIMI 240X250 CK 3 PRC KREM-TA\u015e Kuma\u015f, %100 Polyester Aksesuar, %100 Polyester 30 derece narin y\u0131kama \u00c7ama\u015f\u0131r suyu konamaz Kurutma makinesinde kurutulamaz D\u00fc\u015f\u00fck \u0131s\u0131da \u00fct\u00fclenmelidir P\u0130KE: 240X250 CM YASTIK: 50X70 CM (2 ADET)<\/p>\n","protected":false},"featured_media":24331,"template":"","meta":[],"product_brand":[],"product_cat":[2478],"product_tag":[5429],"class_list":{"0":"post-24330","1":"product","2":"type-product","3":"status-publish","4":"has-post-thumbnail","6":"product_cat-2478","7":"product_tag-5429","9":"first","10":"instock","11":"taxable","12":"shipping-taxable","13":"product-type-simple"},"_links":{"self":[{"href":"https:\/\/kervanmagazacilik.com\/index.php\/wp-json\/wp\/v2\/product\/24330","targetHints":{"allow":["GET"]}}],"collection":[{"href":"https:\/\/kervanmagazacilik.com\/index.php\/wp-json\/wp\/v2\/product"}],"about":[{"href":"https:\/\/kervanmagazacilik.com\/index.php\/wp-json\/wp\/v2\/types\/product"}],"wp:featuredmedia":[{"embeddable":true,"href":"https:\/\/kervanmagazacilik.com\/index.php\/wp-json\/wp\/v2\/media\/24331"}],"wp:attachment":[{"href":"https:\/\/kervanmagazacilik.com\/index.php\/wp-json\/wp\/v2\/media?parent=24330"}],"wp:term":[{"taxonomy":"product_brand","embeddable":true,"href":"https:\/\/kervanmagazacilik.com\/index.php\/wp-json\/wp\/v2\/product_brand?post=24330"},{"taxonomy":"product_cat","embeddable":true,"href":"https:\/\/kervanmagazacilik.com\/index.php\/wp-json\/wp\/v2\/product_cat?post=24330"},{"taxonomy":"product_tag","embeddable":true,"href":"https:\/\/kervanmagazacilik.com\/index.php\/wp-json\/wp\/v2\/product_tag?post=24330"}],"curies":[{"name":"wp","href":"https:\/\/api.w.org\/{rel}","templated":true}]}}