{"id":24309,"date":"2025-04-18T14:01:52","date_gmt":"2025-04-18T11:01:52","guid":{"rendered":"https:\/\/kervanmagazacilik.com\/?post_type=product&#038;p=24309"},"modified":"2025-04-18T14:01:52","modified_gmt":"2025-04-18T11:01:52","slug":"012hsh002564","status":"publish","type":"product","link":"https:\/\/kervanmagazacilik.com\/index.php\/urun\/012hsh002564\/","title":{"rendered":"012HSH002564"},"content":{"rendered":"<p>012HSH002564<\/p>\n<p>LAMINS YATAK ORTUSU KREM 270x270cm 4 PRC<\/p>\n<p>Kuma\u015f, %100 Polyester<br \/>\nAksesuar; %100 Polyester<br \/>\n30 derece narin y\u0131kama<br \/>\n\u00c7ama\u015f\u0131r suyu konamaz<br \/>\nKurutma makinesinde kurutulamaz<br \/>\nD\u00fc\u015f\u00fck \u0131s\u0131da \u00fct\u00fclenmelidir<\/p>\n<p>\u00d6RT\u00dc: 270X270 CM<br \/>\nYASTIK: 50X70 CM (2 ADET)<br \/>\nDEKORAT\u0130F YASTIK: 50 CM YUVARLAK<\/p>\n","protected":false},"excerpt":{"rendered":"<p>012HSH002564 LAMINS YATAK ORTUSU KREM 270x270cm 4 PRC Kuma\u015f, %100 Polyester Aksesuar; %100 Polyester 30 derece narin y\u0131kama \u00c7ama\u015f\u0131r suyu konamaz Kurutma makinesinde kurutulamaz D\u00fc\u015f\u00fck \u0131s\u0131da \u00fct\u00fclenmelidir \u00d6RT\u00dc: 270X270 CM YASTIK: 50X70 CM (2 ADET) DEKORAT\u0130F YASTIK: 50 CM YUVARLAK<\/p>\n","protected":false},"featured_media":24310,"template":"","meta":[],"product_brand":[],"product_cat":[2475],"product_tag":[5427],"class_list":{"0":"post-24309","1":"product","2":"type-product","3":"status-publish","4":"has-post-thumbnail","6":"product_cat-012hsh","7":"product_tag-012hsh002564","9":"first","10":"instock","11":"taxable","12":"shipping-taxable","13":"product-type-simple"},"_links":{"self":[{"href":"https:\/\/kervanmagazacilik.com\/index.php\/wp-json\/wp\/v2\/product\/24309","targetHints":{"allow":["GET"]}}],"collection":[{"href":"https:\/\/kervanmagazacilik.com\/index.php\/wp-json\/wp\/v2\/product"}],"about":[{"href":"https:\/\/kervanmagazacilik.com\/index.php\/wp-json\/wp\/v2\/types\/product"}],"wp:featuredmedia":[{"embeddable":true,"href":"https:\/\/kervanmagazacilik.com\/index.php\/wp-json\/wp\/v2\/media\/24310"}],"wp:attachment":[{"href":"https:\/\/kervanmagazacilik.com\/index.php\/wp-json\/wp\/v2\/media?parent=24309"}],"wp:term":[{"taxonomy":"product_brand","embeddable":true,"href":"https:\/\/kervanmagazacilik.com\/index.php\/wp-json\/wp\/v2\/product_brand?post=24309"},{"taxonomy":"product_cat","embeddable":true,"href":"https:\/\/kervanmagazacilik.com\/index.php\/wp-json\/wp\/v2\/product_cat?post=24309"},{"taxonomy":"product_tag","embeddable":true,"href":"https:\/\/kervanmagazacilik.com\/index.php\/wp-json\/wp\/v2\/product_tag?post=24309"}],"curies":[{"name":"wp","href":"https:\/\/api.w.org\/{rel}","templated":true}]}}