{"id":24274,"date":"2025-04-18T13:17:56","date_gmt":"2025-04-18T10:17:56","guid":{"rendered":"https:\/\/kervanmagazacilik.com\/?post_type=product&#038;p=24274"},"modified":"2025-04-18T13:17:56","modified_gmt":"2025-04-18T10:17:56","slug":"042hsh000365","status":"publish","type":"product","link":"https:\/\/kervanmagazacilik.com\/index.php\/urun\/042hsh000365\/","title":{"rendered":"042HSH000365"},"content":{"rendered":"<p>042HSH000365<\/p>\n<p>MELINSA 250X260 PIKE TAKIMI 3 PRC TAS<\/p>\n<p>A Kuma\u015f; %60 viskon, %40 pamuk<br \/>\nB Kuma\u015f; %100 pamuk<br \/>\nAksesuar; %100 Polyester<br \/>\n30 derece narin y\u0131kama<br \/>\n\u00c7ama\u015f\u0131r suyu konamaz<br \/>\nKurutma makinesinde kurutulamaz<br \/>\nD\u00fc\u015f\u00fck \u0131s\u0131da \u00fct\u00fclenmelidir<\/p>\n<p>ALT GRUP: P\u0130KE YATAK ODASI<\/p>\n<p>PIKE: 240X250 CM<br \/>\nOXFORD YASTIK: 50X70 CM (2 ADET)<\/p>\n","protected":false},"excerpt":{"rendered":"<p>042HSH000365 MELINSA 250X260 PIKE TAKIMI 3 PRC TAS A Kuma\u015f; %60 viskon, %40 pamuk B Kuma\u015f; %100 pamuk Aksesuar; %100 Polyester 30 derece narin y\u0131kama \u00c7ama\u015f\u0131r suyu konamaz Kurutma makinesinde kurutulamaz D\u00fc\u015f\u00fck \u0131s\u0131da \u00fct\u00fclenmelidir ALT GRUP: P\u0130KE YATAK ODASI PIKE: 240X250 CM OXFORD YASTIK: 50X70 CM (2 ADET)<\/p>\n","protected":false},"featured_media":24276,"template":"","meta":[],"product_brand":[],"product_cat":[2493],"product_tag":[5423],"class_list":{"0":"post-24274","1":"product","2":"type-product","3":"status-publish","4":"has-post-thumbnail","6":"product_cat-042hsh","7":"product_tag-042hsh000365","9":"first","10":"instock","11":"taxable","12":"shipping-taxable","13":"product-type-simple"},"_links":{"self":[{"href":"https:\/\/kervanmagazacilik.com\/index.php\/wp-json\/wp\/v2\/product\/24274","targetHints":{"allow":["GET"]}}],"collection":[{"href":"https:\/\/kervanmagazacilik.com\/index.php\/wp-json\/wp\/v2\/product"}],"about":[{"href":"https:\/\/kervanmagazacilik.com\/index.php\/wp-json\/wp\/v2\/types\/product"}],"wp:featuredmedia":[{"embeddable":true,"href":"https:\/\/kervanmagazacilik.com\/index.php\/wp-json\/wp\/v2\/media\/24276"}],"wp:attachment":[{"href":"https:\/\/kervanmagazacilik.com\/index.php\/wp-json\/wp\/v2\/media?parent=24274"}],"wp:term":[{"taxonomy":"product_brand","embeddable":true,"href":"https:\/\/kervanmagazacilik.com\/index.php\/wp-json\/wp\/v2\/product_brand?post=24274"},{"taxonomy":"product_cat","embeddable":true,"href":"https:\/\/kervanmagazacilik.com\/index.php\/wp-json\/wp\/v2\/product_cat?post=24274"},{"taxonomy":"product_tag","embeddable":true,"href":"https:\/\/kervanmagazacilik.com\/index.php\/wp-json\/wp\/v2\/product_tag?post=24274"}],"curies":[{"name":"wp","href":"https:\/\/api.w.org\/{rel}","templated":true}]}}