{"id":24178,"date":"2025-04-17T15:06:41","date_gmt":"2025-04-17T12:06:41","guid":{"rendered":"https:\/\/kervanmagazacilik.com\/?post_type=product&#038;p=24178"},"modified":"2025-04-17T15:06:41","modified_gmt":"2025-04-17T12:06:41","slug":"759dsg000051","status":"publish","type":"product","link":"https:\/\/kervanmagazacilik.com\/index.php\/urun\/759dsg000051\/","title":{"rendered":"759DSG000051"},"content":{"rendered":"<p>759DSG000051<\/p>\n<p>SAKSI K\u0130RE\u00c7 TA\u015eI 60x60x105cm<\/p>\n","protected":false},"excerpt":{"rendered":"<p>759DSG000051 SAKSI K\u0130RE\u00c7 TA\u015eI 60x60x105cm<\/p>\n","protected":false},"featured_media":24180,"template":"","meta":[],"product_brand":[],"product_cat":[219],"product_tag":[5403],"class_list":{"0":"post-24178","1":"product","2":"type-product","3":"status-publish","4":"has-post-thumbnail","6":"product_cat-759dsg","7":"product_tag-759dsg000051","9":"first","10":"instock","11":"taxable","12":"shipping-taxable","13":"product-type-simple"},"_links":{"self":[{"href":"https:\/\/kervanmagazacilik.com\/index.php\/wp-json\/wp\/v2\/product\/24178","targetHints":{"allow":["GET"]}}],"collection":[{"href":"https:\/\/kervanmagazacilik.com\/index.php\/wp-json\/wp\/v2\/product"}],"about":[{"href":"https:\/\/kervanmagazacilik.com\/index.php\/wp-json\/wp\/v2\/types\/product"}],"wp:featuredmedia":[{"embeddable":true,"href":"https:\/\/kervanmagazacilik.com\/index.php\/wp-json\/wp\/v2\/media\/24180"}],"wp:attachment":[{"href":"https:\/\/kervanmagazacilik.com\/index.php\/wp-json\/wp\/v2\/media?parent=24178"}],"wp:term":[{"taxonomy":"product_brand","embeddable":true,"href":"https:\/\/kervanmagazacilik.com\/index.php\/wp-json\/wp\/v2\/product_brand?post=24178"},{"taxonomy":"product_cat","embeddable":true,"href":"https:\/\/kervanmagazacilik.com\/index.php\/wp-json\/wp\/v2\/product_cat?post=24178"},{"taxonomy":"product_tag","embeddable":true,"href":"https:\/\/kervanmagazacilik.com\/index.php\/wp-json\/wp\/v2\/product_tag?post=24178"}],"curies":[{"name":"wp","href":"https:\/\/api.w.org\/{rel}","templated":true}]}}