{"id":24176,"date":"2025-04-17T15:04:02","date_gmt":"2025-04-17T12:04:02","guid":{"rendered":"https:\/\/kervanmagazacilik.com\/?post_type=product&#038;p=24176"},"modified":"2025-04-17T15:04:02","modified_gmt":"2025-04-17T12:04:02","slug":"759dsg000047","status":"publish","type":"product","link":"https:\/\/kervanmagazacilik.com\/index.php\/urun\/759dsg000047\/","title":{"rendered":"759DSG000047"},"content":{"rendered":"<p>759DSG000047<\/p>\n<p>BUDA 3&#8217;L\u00dc HEYKEL SET KREM 14x10x18cm (G\u00d6RMED\u0130M-DUYMADIM-B\u0130LM\u0130YORUM)<\/p>\n","protected":false},"excerpt":{"rendered":"<p>759DSG000047 BUDA 3&#8217;L\u00dc HEYKEL SET KREM 14x10x18cm (G\u00d6RMED\u0130M-DUYMADIM-B\u0130LM\u0130YORUM)<\/p>\n","protected":false},"featured_media":24177,"template":"","meta":[],"product_brand":[],"product_cat":[219],"product_tag":[5402],"class_list":{"0":"post-24176","1":"product","2":"type-product","3":"status-publish","4":"has-post-thumbnail","6":"product_cat-759dsg","7":"product_tag-759dsg000047","9":"first","10":"instock","11":"taxable","12":"shipping-taxable","13":"product-type-simple"},"_links":{"self":[{"href":"https:\/\/kervanmagazacilik.com\/index.php\/wp-json\/wp\/v2\/product\/24176","targetHints":{"allow":["GET"]}}],"collection":[{"href":"https:\/\/kervanmagazacilik.com\/index.php\/wp-json\/wp\/v2\/product"}],"about":[{"href":"https:\/\/kervanmagazacilik.com\/index.php\/wp-json\/wp\/v2\/types\/product"}],"wp:featuredmedia":[{"embeddable":true,"href":"https:\/\/kervanmagazacilik.com\/index.php\/wp-json\/wp\/v2\/media\/24177"}],"wp:attachment":[{"href":"https:\/\/kervanmagazacilik.com\/index.php\/wp-json\/wp\/v2\/media?parent=24176"}],"wp:term":[{"taxonomy":"product_brand","embeddable":true,"href":"https:\/\/kervanmagazacilik.com\/index.php\/wp-json\/wp\/v2\/product_brand?post=24176"},{"taxonomy":"product_cat","embeddable":true,"href":"https:\/\/kervanmagazacilik.com\/index.php\/wp-json\/wp\/v2\/product_cat?post=24176"},{"taxonomy":"product_tag","embeddable":true,"href":"https:\/\/kervanmagazacilik.com\/index.php\/wp-json\/wp\/v2\/product_tag?post=24176"}],"curies":[{"name":"wp","href":"https:\/\/api.w.org\/{rel}","templated":true}]}}