{"id":24157,"date":"2025-04-16T16:33:34","date_gmt":"2025-04-16T13:33:34","guid":{"rendered":"https:\/\/kervanmagazacilik.com\/?post_type=product&#038;p=24157"},"modified":"2025-04-16T16:33:34","modified_gmt":"2025-04-16T13:33:34","slug":"150063001017","status":"publish","type":"product","link":"https:\/\/kervanmagazacilik.com\/index.php\/urun\/150063001017\/","title":{"rendered":"150063001017"},"content":{"rendered":"<p>150063001017<\/p>\n<p>AMELIYA SECCADE SETI 3 PRC KREM-GOLD<\/p>\n<p>Kuma\u015f, %100 polyester<br \/>\nSadece kuru temizleme yap\u0131lmal\u0131d\u0131r<\/p>\n<p>ALT GRUP: D\u0130\u011eER TEKST\u0130L \u00dcR\u00dcNLER\u0130<\/p>\n<p>SECCADE: 75X120 CM<br \/>\nT\u00dcLBENT: 75X150 CM<\/p>\n<p>TESB\u0130H: 1 ADET<\/p>\n","protected":false},"excerpt":{"rendered":"<p>150063001017 AMELIYA SECCADE SETI 3 PRC KREM-GOLD Kuma\u015f, %100 polyester Sadece kuru temizleme yap\u0131lmal\u0131d\u0131r ALT GRUP: D\u0130\u011eER TEKST\u0130L \u00dcR\u00dcNLER\u0130 SECCADE: 75X120 CM T\u00dcLBENT: 75X150 CM TESB\u0130H: 1 ADET<\/p>\n","protected":false},"featured_media":24158,"template":"","meta":[],"product_brand":[],"product_cat":[2150],"product_tag":[5395],"class_list":{"0":"post-24157","1":"product","2":"type-product","3":"status-publish","4":"has-post-thumbnail","6":"product_cat-2150","7":"product_tag-5395","9":"first","10":"instock","11":"taxable","12":"shipping-taxable","13":"product-type-simple"},"_links":{"self":[{"href":"https:\/\/kervanmagazacilik.com\/index.php\/wp-json\/wp\/v2\/product\/24157","targetHints":{"allow":["GET"]}}],"collection":[{"href":"https:\/\/kervanmagazacilik.com\/index.php\/wp-json\/wp\/v2\/product"}],"about":[{"href":"https:\/\/kervanmagazacilik.com\/index.php\/wp-json\/wp\/v2\/types\/product"}],"wp:featuredmedia":[{"embeddable":true,"href":"https:\/\/kervanmagazacilik.com\/index.php\/wp-json\/wp\/v2\/media\/24158"}],"wp:attachment":[{"href":"https:\/\/kervanmagazacilik.com\/index.php\/wp-json\/wp\/v2\/media?parent=24157"}],"wp:term":[{"taxonomy":"product_brand","embeddable":true,"href":"https:\/\/kervanmagazacilik.com\/index.php\/wp-json\/wp\/v2\/product_brand?post=24157"},{"taxonomy":"product_cat","embeddable":true,"href":"https:\/\/kervanmagazacilik.com\/index.php\/wp-json\/wp\/v2\/product_cat?post=24157"},{"taxonomy":"product_tag","embeddable":true,"href":"https:\/\/kervanmagazacilik.com\/index.php\/wp-json\/wp\/v2\/product_tag?post=24157"}],"curies":[{"name":"wp","href":"https:\/\/api.w.org\/{rel}","templated":true}]}}