{"id":24151,"date":"2025-04-16T16:28:46","date_gmt":"2025-04-16T13:28:46","guid":{"rendered":"https:\/\/kervanmagazacilik.com\/?post_type=product&#038;p=24151"},"modified":"2025-04-16T16:28:47","modified_gmt":"2025-04-16T13:28:47","slug":"150hsh000969","status":"publish","type":"product","link":"https:\/\/kervanmagazacilik.com\/index.php\/urun\/150hsh000969\/","title":{"rendered":"150HSH000969"},"content":{"rendered":"<p>150HSH000969<\/p>\n<p>M\u0130RHAN SECCADE SETI 75&#215;125 2 PRC MAV\u0130<\/p>\n<p>Kuma\u015f, %100 polyester<br \/>\nSadece kuru temizleme yap\u0131lmal\u0131d\u0131r<\/p>\n<p>ALT GRUP: D\u0130\u011eER TEKST\u0130L \u00dcR\u00dcNLER\u0130<\/p>\n<p>SECCADE: 75X125 CM<br \/>\nTESB\u0130H: 1 ADET<\/p>\n","protected":false},"excerpt":{"rendered":"<p>150HSH000969 M\u0130RHAN SECCADE SETI 75&#215;125 2 PRC MAV\u0130 Kuma\u015f, %100 polyester Sadece kuru temizleme yap\u0131lmal\u0131d\u0131r ALT GRUP: D\u0130\u011eER TEKST\u0130L \u00dcR\u00dcNLER\u0130 SECCADE: 75X125 CM TESB\u0130H: 1 ADET<\/p>\n","protected":false},"featured_media":24152,"template":"","meta":[],"product_brand":[],"product_cat":[164],"product_tag":[5394],"class_list":{"0":"post-24151","1":"product","2":"type-product","3":"status-publish","4":"has-post-thumbnail","6":"product_cat-150hsh","7":"product_tag-150hsh000969","9":"first","10":"instock","11":"taxable","12":"shipping-taxable","13":"product-type-simple"},"_links":{"self":[{"href":"https:\/\/kervanmagazacilik.com\/index.php\/wp-json\/wp\/v2\/product\/24151","targetHints":{"allow":["GET"]}}],"collection":[{"href":"https:\/\/kervanmagazacilik.com\/index.php\/wp-json\/wp\/v2\/product"}],"about":[{"href":"https:\/\/kervanmagazacilik.com\/index.php\/wp-json\/wp\/v2\/types\/product"}],"wp:featuredmedia":[{"embeddable":true,"href":"https:\/\/kervanmagazacilik.com\/index.php\/wp-json\/wp\/v2\/media\/24152"}],"wp:attachment":[{"href":"https:\/\/kervanmagazacilik.com\/index.php\/wp-json\/wp\/v2\/media?parent=24151"}],"wp:term":[{"taxonomy":"product_brand","embeddable":true,"href":"https:\/\/kervanmagazacilik.com\/index.php\/wp-json\/wp\/v2\/product_brand?post=24151"},{"taxonomy":"product_cat","embeddable":true,"href":"https:\/\/kervanmagazacilik.com\/index.php\/wp-json\/wp\/v2\/product_cat?post=24151"},{"taxonomy":"product_tag","embeddable":true,"href":"https:\/\/kervanmagazacilik.com\/index.php\/wp-json\/wp\/v2\/product_tag?post=24151"}],"curies":[{"name":"wp","href":"https:\/\/api.w.org\/{rel}","templated":true}]}}