{"id":24139,"date":"2025-04-16T16:21:30","date_gmt":"2025-04-16T13:21:30","guid":{"rendered":"https:\/\/kervanmagazacilik.com\/?post_type=product&#038;p=24139"},"modified":"2025-04-16T16:21:31","modified_gmt":"2025-04-16T13:21:31","slug":"150hsh000905","status":"publish","type":"product","link":"https:\/\/kervanmagazacilik.com\/index.php\/urun\/150hsh000905\/","title":{"rendered":"150HSH000905"},"content":{"rendered":"<p>150HSH000905<\/p>\n<p>CARISSA SECCADE SETI KREM 3 PRC<\/p>\n<p>Kuma\u015f, %100 polyester<br \/>\nSadece kuru temizleme yap\u0131lmal\u0131d\u0131r<\/p>\n<p>SECCADE: 75X120 CM<br \/>\nT\u00dcLBENT: 75X150 CM<br \/>\nTESB\u0130H: 1 ADET<\/p>\n","protected":false},"excerpt":{"rendered":"<p>150HSH000905 CARISSA SECCADE SETI KREM 3 PRC Kuma\u015f, %100 polyester Sadece kuru temizleme yap\u0131lmal\u0131d\u0131r SECCADE: 75X120 CM T\u00dcLBENT: 75X150 CM TESB\u0130H: 1 ADET<\/p>\n","protected":false},"featured_media":24140,"template":"","meta":[],"product_brand":[],"product_cat":[164],"product_tag":[5392],"class_list":{"0":"post-24139","1":"product","2":"type-product","3":"status-publish","4":"has-post-thumbnail","6":"product_cat-150hsh","7":"product_tag-150hsh000905","9":"first","10":"instock","11":"taxable","12":"shipping-taxable","13":"product-type-simple"},"_links":{"self":[{"href":"https:\/\/kervanmagazacilik.com\/index.php\/wp-json\/wp\/v2\/product\/24139","targetHints":{"allow":["GET"]}}],"collection":[{"href":"https:\/\/kervanmagazacilik.com\/index.php\/wp-json\/wp\/v2\/product"}],"about":[{"href":"https:\/\/kervanmagazacilik.com\/index.php\/wp-json\/wp\/v2\/types\/product"}],"wp:featuredmedia":[{"embeddable":true,"href":"https:\/\/kervanmagazacilik.com\/index.php\/wp-json\/wp\/v2\/media\/24140"}],"wp:attachment":[{"href":"https:\/\/kervanmagazacilik.com\/index.php\/wp-json\/wp\/v2\/media?parent=24139"}],"wp:term":[{"taxonomy":"product_brand","embeddable":true,"href":"https:\/\/kervanmagazacilik.com\/index.php\/wp-json\/wp\/v2\/product_brand?post=24139"},{"taxonomy":"product_cat","embeddable":true,"href":"https:\/\/kervanmagazacilik.com\/index.php\/wp-json\/wp\/v2\/product_cat?post=24139"},{"taxonomy":"product_tag","embeddable":true,"href":"https:\/\/kervanmagazacilik.com\/index.php\/wp-json\/wp\/v2\/product_tag?post=24139"}],"curies":[{"name":"wp","href":"https:\/\/api.w.org\/{rel}","templated":true}]}}