{"id":24108,"date":"2025-04-14T08:37:00","date_gmt":"2025-04-14T05:37:00","guid":{"rendered":"https:\/\/kervanmagazacilik.com\/?post_type=product&#038;p=24108"},"modified":"2025-04-14T08:37:00","modified_gmt":"2025-04-14T05:37:00","slug":"900tng000049-2","status":"publish","type":"product","link":"https:\/\/kervanmagazacilik.com\/index.php\/urun\/900tng000049-2\/","title":{"rendered":"900TNG000049"},"content":{"rendered":"<p>900TNG000049<\/p>\n<p>TH085002-A BEYAZ RENKL\u0130 MONSTERA YAPAY A\u011eA\u00c7 80CM(759TUF000080)<\/p>\n<p>&nbsp;<\/p>\n","protected":false},"excerpt":{"rendered":"<p>900TNG000049 TH085002-A BEYAZ RENKL\u0130 MONSTERA YAPAY A\u011eA\u00c7 80CM(759TUF000080) &nbsp;<\/p>\n","protected":false},"featured_media":24109,"template":"","meta":[],"product_brand":[],"product_cat":[288],"product_tag":[5376],"class_list":{"0":"post-24108","1":"product","2":"type-product","3":"status-publish","4":"has-post-thumbnail","6":"product_cat-900sng","7":"product_tag-900tng000049","9":"first","10":"instock","11":"taxable","12":"shipping-taxable","13":"product-type-simple"},"_links":{"self":[{"href":"https:\/\/kervanmagazacilik.com\/index.php\/wp-json\/wp\/v2\/product\/24108","targetHints":{"allow":["GET"]}}],"collection":[{"href":"https:\/\/kervanmagazacilik.com\/index.php\/wp-json\/wp\/v2\/product"}],"about":[{"href":"https:\/\/kervanmagazacilik.com\/index.php\/wp-json\/wp\/v2\/types\/product"}],"wp:featuredmedia":[{"embeddable":true,"href":"https:\/\/kervanmagazacilik.com\/index.php\/wp-json\/wp\/v2\/media\/24109"}],"wp:attachment":[{"href":"https:\/\/kervanmagazacilik.com\/index.php\/wp-json\/wp\/v2\/media?parent=24108"}],"wp:term":[{"taxonomy":"product_brand","embeddable":true,"href":"https:\/\/kervanmagazacilik.com\/index.php\/wp-json\/wp\/v2\/product_brand?post=24108"},{"taxonomy":"product_cat","embeddable":true,"href":"https:\/\/kervanmagazacilik.com\/index.php\/wp-json\/wp\/v2\/product_cat?post=24108"},{"taxonomy":"product_tag","embeddable":true,"href":"https:\/\/kervanmagazacilik.com\/index.php\/wp-json\/wp\/v2\/product_tag?post=24108"}],"curies":[{"name":"wp","href":"https:\/\/api.w.org\/{rel}","templated":true}]}}