{"id":24102,"date":"2025-04-14T08:31:16","date_gmt":"2025-04-14T05:31:16","guid":{"rendered":"https:\/\/kervanmagazacilik.com\/?post_type=product&#038;p=24102"},"modified":"2025-04-14T08:31:17","modified_gmt":"2025-04-14T05:31:17","slug":"900tng000047-2","status":"publish","type":"product","link":"https:\/\/kervanmagazacilik.com\/index.php\/urun\/900tng000047-2\/","title":{"rendered":"900TNG000047"},"content":{"rendered":"<p>900TNG000047<\/p>\n<p>TH070146 F\u0130LODENDRON YAPAY A\u011eA\u00c7 255CM(759TUF000064)<\/p>\n","protected":false},"excerpt":{"rendered":"<p>900TNG000047 TH070146 F\u0130LODENDRON YAPAY A\u011eA\u00c7 255CM(759TUF000064)<\/p>\n","protected":false},"featured_media":24103,"template":"","meta":[],"product_brand":[],"product_cat":[288],"product_tag":[5374],"class_list":{"0":"post-24102","1":"product","2":"type-product","3":"status-publish","4":"has-post-thumbnail","6":"product_cat-900sng","7":"product_tag-900tng000047","9":"first","10":"instock","11":"taxable","12":"shipping-taxable","13":"product-type-simple"},"_links":{"self":[{"href":"https:\/\/kervanmagazacilik.com\/index.php\/wp-json\/wp\/v2\/product\/24102","targetHints":{"allow":["GET"]}}],"collection":[{"href":"https:\/\/kervanmagazacilik.com\/index.php\/wp-json\/wp\/v2\/product"}],"about":[{"href":"https:\/\/kervanmagazacilik.com\/index.php\/wp-json\/wp\/v2\/types\/product"}],"wp:featuredmedia":[{"embeddable":true,"href":"https:\/\/kervanmagazacilik.com\/index.php\/wp-json\/wp\/v2\/media\/24103"}],"wp:attachment":[{"href":"https:\/\/kervanmagazacilik.com\/index.php\/wp-json\/wp\/v2\/media?parent=24102"}],"wp:term":[{"taxonomy":"product_brand","embeddable":true,"href":"https:\/\/kervanmagazacilik.com\/index.php\/wp-json\/wp\/v2\/product_brand?post=24102"},{"taxonomy":"product_cat","embeddable":true,"href":"https:\/\/kervanmagazacilik.com\/index.php\/wp-json\/wp\/v2\/product_cat?post=24102"},{"taxonomy":"product_tag","embeddable":true,"href":"https:\/\/kervanmagazacilik.com\/index.php\/wp-json\/wp\/v2\/product_tag?post=24102"}],"curies":[{"name":"wp","href":"https:\/\/api.w.org\/{rel}","templated":true}]}}