{"id":24096,"date":"2025-04-14T08:27:14","date_gmt":"2025-04-14T05:27:14","guid":{"rendered":"https:\/\/kervanmagazacilik.com\/?post_type=product&#038;p=24096"},"modified":"2025-04-14T08:27:15","modified_gmt":"2025-04-14T05:27:15","slug":"900tng000045-2","status":"publish","type":"product","link":"https:\/\/kervanmagazacilik.com\/index.php\/urun\/900tng000045-2\/","title":{"rendered":"900TNG000045"},"content":{"rendered":"<p>900TNG000045<\/p>\n<p>TH008635-A YUCCA F\u0130LLER\u0130 YAPAY A\u011eA\u00c7 165CM(759TUF000109)<\/p>\n<p>&nbsp;<\/p>\n","protected":false},"excerpt":{"rendered":"<p>900TNG000045 TH008635-A YUCCA F\u0130LLER\u0130 YAPAY A\u011eA\u00c7 165CM(759TUF000109) &nbsp;<\/p>\n","protected":false},"featured_media":24097,"template":"","meta":[],"product_brand":[],"product_cat":[288],"product_tag":[5372],"class_list":{"0":"post-24096","1":"product","2":"type-product","3":"status-publish","4":"has-post-thumbnail","6":"product_cat-900sng","7":"product_tag-900tng000045","9":"first","10":"instock","11":"taxable","12":"shipping-taxable","13":"product-type-simple"},"_links":{"self":[{"href":"https:\/\/kervanmagazacilik.com\/index.php\/wp-json\/wp\/v2\/product\/24096","targetHints":{"allow":["GET"]}}],"collection":[{"href":"https:\/\/kervanmagazacilik.com\/index.php\/wp-json\/wp\/v2\/product"}],"about":[{"href":"https:\/\/kervanmagazacilik.com\/index.php\/wp-json\/wp\/v2\/types\/product"}],"wp:featuredmedia":[{"embeddable":true,"href":"https:\/\/kervanmagazacilik.com\/index.php\/wp-json\/wp\/v2\/media\/24097"}],"wp:attachment":[{"href":"https:\/\/kervanmagazacilik.com\/index.php\/wp-json\/wp\/v2\/media?parent=24096"}],"wp:term":[{"taxonomy":"product_brand","embeddable":true,"href":"https:\/\/kervanmagazacilik.com\/index.php\/wp-json\/wp\/v2\/product_brand?post=24096"},{"taxonomy":"product_cat","embeddable":true,"href":"https:\/\/kervanmagazacilik.com\/index.php\/wp-json\/wp\/v2\/product_cat?post=24096"},{"taxonomy":"product_tag","embeddable":true,"href":"https:\/\/kervanmagazacilik.com\/index.php\/wp-json\/wp\/v2\/product_tag?post=24096"}],"curies":[{"name":"wp","href":"https:\/\/api.w.org\/{rel}","templated":true}]}}