{"id":24083,"date":"2025-04-11T17:54:49","date_gmt":"2025-04-11T14:54:49","guid":{"rendered":"https:\/\/kervanmagazacilik.com\/?post_type=product&#038;p=24083"},"modified":"2025-04-11T17:54:50","modified_gmt":"2025-04-11T14:54:50","slug":"900tng000041-2","status":"publish","type":"product","link":"https:\/\/kervanmagazacilik.com\/index.php\/urun\/900tng000041-2\/","title":{"rendered":"900TNG000041"},"content":{"rendered":"<p>900TNG000041<\/p>\n<p>TH008440 KIVRIMLI YELPAZE PALM\u0130YES\u0130 YAPAY A\u011eA\u00c7 130CM(759TUF000062)<\/p>\n","protected":false},"excerpt":{"rendered":"<p>900TNG000041 TH008440 KIVRIMLI YELPAZE PALM\u0130YES\u0130 YAPAY A\u011eA\u00c7 130CM(759TUF000062)<\/p>\n","protected":false},"featured_media":24084,"template":"","meta":[],"product_brand":[],"product_cat":[288],"product_tag":[5369],"class_list":{"0":"post-24083","1":"product","2":"type-product","3":"status-publish","4":"has-post-thumbnail","6":"product_cat-900sng","7":"product_tag-900tng000041","9":"first","10":"instock","11":"taxable","12":"shipping-taxable","13":"product-type-simple"},"_links":{"self":[{"href":"https:\/\/kervanmagazacilik.com\/index.php\/wp-json\/wp\/v2\/product\/24083","targetHints":{"allow":["GET"]}}],"collection":[{"href":"https:\/\/kervanmagazacilik.com\/index.php\/wp-json\/wp\/v2\/product"}],"about":[{"href":"https:\/\/kervanmagazacilik.com\/index.php\/wp-json\/wp\/v2\/types\/product"}],"wp:featuredmedia":[{"embeddable":true,"href":"https:\/\/kervanmagazacilik.com\/index.php\/wp-json\/wp\/v2\/media\/24084"}],"wp:attachment":[{"href":"https:\/\/kervanmagazacilik.com\/index.php\/wp-json\/wp\/v2\/media?parent=24083"}],"wp:term":[{"taxonomy":"product_brand","embeddable":true,"href":"https:\/\/kervanmagazacilik.com\/index.php\/wp-json\/wp\/v2\/product_brand?post=24083"},{"taxonomy":"product_cat","embeddable":true,"href":"https:\/\/kervanmagazacilik.com\/index.php\/wp-json\/wp\/v2\/product_cat?post=24083"},{"taxonomy":"product_tag","embeddable":true,"href":"https:\/\/kervanmagazacilik.com\/index.php\/wp-json\/wp\/v2\/product_tag?post=24083"}],"curies":[{"name":"wp","href":"https:\/\/api.w.org\/{rel}","templated":true}]}}