{"id":24012,"date":"2025-04-11T17:04:29","date_gmt":"2025-04-11T14:04:29","guid":{"rendered":"https:\/\/kervanmagazacilik.com\/?post_type=product&#038;p=24012"},"modified":"2025-04-11T17:04:30","modified_gmt":"2025-04-11T14:04:30","slug":"072063000224","status":"publish","type":"product","link":"https:\/\/kervanmagazacilik.com\/index.php\/urun\/072063000224\/","title":{"rendered":"072063000224"},"content":{"rendered":"<p>072063000224<\/p>\n<p>BERNET 35X60 KIRLENT S\u0130YAH -V\u0130ZON<\/p>\n<p>Kuma\u015f; %100 Polyester<br \/>\nAksesuar; %100 Polyester<br \/>\nSadece kuru temizleme yap\u0131lmal\u0131d\u0131r<\/p>\n<p>ALT GRUP: DEKORATIF KIRLENT SALON TEKST\u0130L\u0130<\/p>\n","protected":false},"excerpt":{"rendered":"<p>072063000224 BERNET 35X60 KIRLENT S\u0130YAH -V\u0130ZON Kuma\u015f; %100 Polyester Aksesuar; %100 Polyester Sadece kuru temizleme yap\u0131lmal\u0131d\u0131r ALT GRUP: DEKORATIF KIRLENT SALON TEKST\u0130L\u0130<\/p>\n","protected":false},"featured_media":24013,"template":"","meta":[],"product_brand":[],"product_cat":[3721],"product_tag":[5390],"class_list":{"0":"post-24012","1":"product","2":"type-product","3":"status-publish","4":"has-post-thumbnail","6":"product_cat-3721","7":"product_tag-5390","9":"first","10":"instock","11":"taxable","12":"shipping-taxable","13":"product-type-simple"},"_links":{"self":[{"href":"https:\/\/kervanmagazacilik.com\/index.php\/wp-json\/wp\/v2\/product\/24012","targetHints":{"allow":["GET"]}}],"collection":[{"href":"https:\/\/kervanmagazacilik.com\/index.php\/wp-json\/wp\/v2\/product"}],"about":[{"href":"https:\/\/kervanmagazacilik.com\/index.php\/wp-json\/wp\/v2\/types\/product"}],"wp:featuredmedia":[{"embeddable":true,"href":"https:\/\/kervanmagazacilik.com\/index.php\/wp-json\/wp\/v2\/media\/24013"}],"wp:attachment":[{"href":"https:\/\/kervanmagazacilik.com\/index.php\/wp-json\/wp\/v2\/media?parent=24012"}],"wp:term":[{"taxonomy":"product_brand","embeddable":true,"href":"https:\/\/kervanmagazacilik.com\/index.php\/wp-json\/wp\/v2\/product_brand?post=24012"},{"taxonomy":"product_cat","embeddable":true,"href":"https:\/\/kervanmagazacilik.com\/index.php\/wp-json\/wp\/v2\/product_cat?post=24012"},{"taxonomy":"product_tag","embeddable":true,"href":"https:\/\/kervanmagazacilik.com\/index.php\/wp-json\/wp\/v2\/product_tag?post=24012"}],"curies":[{"name":"wp","href":"https:\/\/api.w.org\/{rel}","templated":true}]}}