{"id":23846,"date":"2025-04-11T15:05:45","date_gmt":"2025-04-11T12:05:45","guid":{"rendered":"https:\/\/kervanmagazacilik.com\/?post_type=product&#038;p=23846"},"modified":"2025-04-11T15:05:45","modified_gmt":"2025-04-11T12:05:45","slug":"759irs000011-2","status":"publish","type":"product","link":"https:\/\/kervanmagazacilik.com\/index.php\/urun\/759irs000011-2\/","title":{"rendered":"759IRS000011"},"content":{"rendered":"<p>759IRS000011<\/p>\n<p>16363 VAZO GOLD 28x6x30cm<\/p>\n<p>KURU BEZLE S\u0130L\u0130N\u0130Z , SIVI \u0130LE TEMAS ETT\u0130RMEY\u0130N\u0130Z.MALZEME C\u0130NS\u0130: AL\u00dcM\u0130NYUM<\/p>\n<p>&nbsp;<\/p>\n","protected":false},"excerpt":{"rendered":"<p>759IRS000011 16363 VAZO GOLD 28x6x30cm KURU BEZLE S\u0130L\u0130N\u0130Z , SIVI \u0130LE TEMAS ETT\u0130RMEY\u0130N\u0130Z.MALZEME C\u0130NS\u0130: AL\u00dcM\u0130NYUM &nbsp;<\/p>\n","protected":false},"featured_media":23847,"template":"","meta":[],"product_brand":[],"product_cat":[5126],"product_tag":[5136],"class_list":{"0":"post-23846","1":"product","2":"type-product","3":"status-publish","4":"has-post-thumbnail","6":"product_cat-759irs","7":"product_tag-759irs000011","9":"first","10":"instock","11":"taxable","12":"shipping-taxable","13":"product-type-simple"},"_links":{"self":[{"href":"https:\/\/kervanmagazacilik.com\/index.php\/wp-json\/wp\/v2\/product\/23846","targetHints":{"allow":["GET"]}}],"collection":[{"href":"https:\/\/kervanmagazacilik.com\/index.php\/wp-json\/wp\/v2\/product"}],"about":[{"href":"https:\/\/kervanmagazacilik.com\/index.php\/wp-json\/wp\/v2\/types\/product"}],"wp:featuredmedia":[{"embeddable":true,"href":"https:\/\/kervanmagazacilik.com\/index.php\/wp-json\/wp\/v2\/media\/23847"}],"wp:attachment":[{"href":"https:\/\/kervanmagazacilik.com\/index.php\/wp-json\/wp\/v2\/media?parent=23846"}],"wp:term":[{"taxonomy":"product_brand","embeddable":true,"href":"https:\/\/kervanmagazacilik.com\/index.php\/wp-json\/wp\/v2\/product_brand?post=23846"},{"taxonomy":"product_cat","embeddable":true,"href":"https:\/\/kervanmagazacilik.com\/index.php\/wp-json\/wp\/v2\/product_cat?post=23846"},{"taxonomy":"product_tag","embeddable":true,"href":"https:\/\/kervanmagazacilik.com\/index.php\/wp-json\/wp\/v2\/product_tag?post=23846"}],"curies":[{"name":"wp","href":"https:\/\/api.w.org\/{rel}","templated":true}]}}