{"id":23815,"date":"2025-04-11T14:45:18","date_gmt":"2025-04-11T11:45:18","guid":{"rendered":"https:\/\/kervanmagazacilik.com\/?post_type=product&#038;p=23815"},"modified":"2025-04-11T14:45:19","modified_gmt":"2025-04-11T11:45:19","slug":"759irs000004-2","status":"publish","type":"product","link":"https:\/\/kervanmagazacilik.com\/index.php\/urun\/759irs000004-2\/","title":{"rendered":"759IRS000004"},"content":{"rendered":"<p>759IRS000004<\/p>\n<p>15893 VAZO GUMUS 16x16x30cm<\/p>\n<p>KURU BEZLE S\u0130L\u0130N\u0130Z , SIVI \u0130LE TEMAS ETT\u0130RMEY\u0130N\u0130Z.MALZEME C\u0130NS\u0130: AL\u00dcM\u0130NYUM<\/p>\n","protected":false},"excerpt":{"rendered":"<p>759IRS000004 15893 VAZO GUMUS 16x16x30cm KURU BEZLE S\u0130L\u0130N\u0130Z , SIVI \u0130LE TEMAS ETT\u0130RMEY\u0130N\u0130Z.MALZEME C\u0130NS\u0130: AL\u00dcM\u0130NYUM<\/p>\n","protected":false},"featured_media":23816,"template":"","meta":[],"product_brand":[],"product_cat":[5126],"product_tag":[5130],"class_list":{"0":"post-23815","1":"product","2":"type-product","3":"status-publish","4":"has-post-thumbnail","6":"product_cat-759irs","7":"product_tag-759irs000004","9":"first","10":"instock","11":"taxable","12":"shipping-taxable","13":"product-type-simple"},"_links":{"self":[{"href":"https:\/\/kervanmagazacilik.com\/index.php\/wp-json\/wp\/v2\/product\/23815","targetHints":{"allow":["GET"]}}],"collection":[{"href":"https:\/\/kervanmagazacilik.com\/index.php\/wp-json\/wp\/v2\/product"}],"about":[{"href":"https:\/\/kervanmagazacilik.com\/index.php\/wp-json\/wp\/v2\/types\/product"}],"wp:featuredmedia":[{"embeddable":true,"href":"https:\/\/kervanmagazacilik.com\/index.php\/wp-json\/wp\/v2\/media\/23816"}],"wp:attachment":[{"href":"https:\/\/kervanmagazacilik.com\/index.php\/wp-json\/wp\/v2\/media?parent=23815"}],"wp:term":[{"taxonomy":"product_brand","embeddable":true,"href":"https:\/\/kervanmagazacilik.com\/index.php\/wp-json\/wp\/v2\/product_brand?post=23815"},{"taxonomy":"product_cat","embeddable":true,"href":"https:\/\/kervanmagazacilik.com\/index.php\/wp-json\/wp\/v2\/product_cat?post=23815"},{"taxonomy":"product_tag","embeddable":true,"href":"https:\/\/kervanmagazacilik.com\/index.php\/wp-json\/wp\/v2\/product_tag?post=23815"}],"curies":[{"name":"wp","href":"https:\/\/api.w.org\/{rel}","templated":true}]}}