{"id":23756,"date":"2025-04-08T10:11:31","date_gmt":"2025-04-08T07:11:31","guid":{"rendered":"https:\/\/kervanmagazacilik.com\/?post_type=product&#038;p=23756"},"modified":"2025-04-08T10:11:31","modified_gmt":"2025-04-08T07:11:31","slug":"900tng000047","status":"publish","type":"product","link":"https:\/\/kervanmagazacilik.com\/index.php\/urun\/900tng000047\/","title":{"rendered":"900TNG000047"},"content":{"rendered":"<p>900TNG000047<\/p>\n<p>TH070146 F\u0130LODENDRON YAPAY A\u011eA\u00c7 255CM(759TUF000064)<\/p>\n<p>&nbsp;<\/p>\n","protected":false},"excerpt":{"rendered":"<p>900TNG000047 TH070146 F\u0130LODENDRON YAPAY A\u011eA\u00c7 255CM(759TUF000064) &nbsp;<\/p>\n","protected":false},"featured_media":23757,"template":"","meta":[],"product_brand":[],"product_cat":[288],"product_tag":[5374],"class_list":{"0":"post-23756","1":"product","2":"type-product","3":"status-publish","4":"has-post-thumbnail","6":"product_cat-900sng","7":"product_tag-900tng000047","9":"first","10":"instock","11":"taxable","12":"shipping-taxable","13":"product-type-simple"},"_links":{"self":[{"href":"https:\/\/kervanmagazacilik.com\/index.php\/wp-json\/wp\/v2\/product\/23756","targetHints":{"allow":["GET"]}}],"collection":[{"href":"https:\/\/kervanmagazacilik.com\/index.php\/wp-json\/wp\/v2\/product"}],"about":[{"href":"https:\/\/kervanmagazacilik.com\/index.php\/wp-json\/wp\/v2\/types\/product"}],"wp:featuredmedia":[{"embeddable":true,"href":"https:\/\/kervanmagazacilik.com\/index.php\/wp-json\/wp\/v2\/media\/23757"}],"wp:attachment":[{"href":"https:\/\/kervanmagazacilik.com\/index.php\/wp-json\/wp\/v2\/media?parent=23756"}],"wp:term":[{"taxonomy":"product_brand","embeddable":true,"href":"https:\/\/kervanmagazacilik.com\/index.php\/wp-json\/wp\/v2\/product_brand?post=23756"},{"taxonomy":"product_cat","embeddable":true,"href":"https:\/\/kervanmagazacilik.com\/index.php\/wp-json\/wp\/v2\/product_cat?post=23756"},{"taxonomy":"product_tag","embeddable":true,"href":"https:\/\/kervanmagazacilik.com\/index.php\/wp-json\/wp\/v2\/product_tag?post=23756"}],"curies":[{"name":"wp","href":"https:\/\/api.w.org\/{rel}","templated":true}]}}