{"id":23754,"date":"2025-04-08T10:09:44","date_gmt":"2025-04-08T07:09:44","guid":{"rendered":"https:\/\/kervanmagazacilik.com\/?post_type=product&#038;p=23754"},"modified":"2025-04-08T10:09:44","modified_gmt":"2025-04-08T07:09:44","slug":"900tng000046","status":"publish","type":"product","link":"https:\/\/kervanmagazacilik.com\/index.php\/urun\/900tng000046\/","title":{"rendered":"900TNG000046"},"content":{"rendered":"<p>900TNG000046<\/p>\n<p>TH008777 FAN PALM\u0130YE YAPAY A\u011eA\u00c7 170CM(759TUF000057)<\/p>\n<p>&nbsp;<\/p>\n","protected":false},"excerpt":{"rendered":"<p>900TNG000046 TH008777 FAN PALM\u0130YE YAPAY A\u011eA\u00c7 170CM(759TUF000057) &nbsp;<\/p>\n","protected":false},"featured_media":23755,"template":"","meta":[],"product_brand":[],"product_cat":[288],"product_tag":[5373],"class_list":{"0":"post-23754","1":"product","2":"type-product","3":"status-publish","4":"has-post-thumbnail","6":"product_cat-900sng","7":"product_tag-900tng000046","9":"first","10":"instock","11":"taxable","12":"shipping-taxable","13":"product-type-simple"},"_links":{"self":[{"href":"https:\/\/kervanmagazacilik.com\/index.php\/wp-json\/wp\/v2\/product\/23754","targetHints":{"allow":["GET"]}}],"collection":[{"href":"https:\/\/kervanmagazacilik.com\/index.php\/wp-json\/wp\/v2\/product"}],"about":[{"href":"https:\/\/kervanmagazacilik.com\/index.php\/wp-json\/wp\/v2\/types\/product"}],"wp:featuredmedia":[{"embeddable":true,"href":"https:\/\/kervanmagazacilik.com\/index.php\/wp-json\/wp\/v2\/media\/23755"}],"wp:attachment":[{"href":"https:\/\/kervanmagazacilik.com\/index.php\/wp-json\/wp\/v2\/media?parent=23754"}],"wp:term":[{"taxonomy":"product_brand","embeddable":true,"href":"https:\/\/kervanmagazacilik.com\/index.php\/wp-json\/wp\/v2\/product_brand?post=23754"},{"taxonomy":"product_cat","embeddable":true,"href":"https:\/\/kervanmagazacilik.com\/index.php\/wp-json\/wp\/v2\/product_cat?post=23754"},{"taxonomy":"product_tag","embeddable":true,"href":"https:\/\/kervanmagazacilik.com\/index.php\/wp-json\/wp\/v2\/product_tag?post=23754"}],"curies":[{"name":"wp","href":"https:\/\/api.w.org\/{rel}","templated":true}]}}