{"id":23736,"date":"2025-04-08T09:54:27","date_gmt":"2025-04-08T06:54:27","guid":{"rendered":"https:\/\/kervanmagazacilik.com\/?post_type=product&#038;p=23736"},"modified":"2025-04-08T09:54:28","modified_gmt":"2025-04-08T06:54:28","slug":"900tng000038","status":"publish","type":"product","link":"https:\/\/kervanmagazacilik.com\/index.php\/urun\/900tng000038\/","title":{"rendered":"900TNG000038"},"content":{"rendered":"<p>900TNG000038<\/p>\n<p>TH007040 STARL\u0130\u00c7E YAPAY A\u011eA\u00c7 145CM(759TUF000072)<\/p>\n<p>&nbsp;<\/p>\n","protected":false},"excerpt":{"rendered":"<p>900TNG000038 TH007040 STARL\u0130\u00c7E YAPAY A\u011eA\u00c7 145CM(759TUF000072) &nbsp;<\/p>\n","protected":false},"featured_media":23737,"template":"","meta":[],"product_brand":[],"product_cat":[288],"product_tag":[5366],"class_list":{"0":"post-23736","1":"product","2":"type-product","3":"status-publish","4":"has-post-thumbnail","6":"product_cat-900sng","7":"product_tag-900tng000038","9":"first","10":"instock","11":"taxable","12":"shipping-taxable","13":"product-type-simple"},"_links":{"self":[{"href":"https:\/\/kervanmagazacilik.com\/index.php\/wp-json\/wp\/v2\/product\/23736","targetHints":{"allow":["GET"]}}],"collection":[{"href":"https:\/\/kervanmagazacilik.com\/index.php\/wp-json\/wp\/v2\/product"}],"about":[{"href":"https:\/\/kervanmagazacilik.com\/index.php\/wp-json\/wp\/v2\/types\/product"}],"wp:featuredmedia":[{"embeddable":true,"href":"https:\/\/kervanmagazacilik.com\/index.php\/wp-json\/wp\/v2\/media\/23737"}],"wp:attachment":[{"href":"https:\/\/kervanmagazacilik.com\/index.php\/wp-json\/wp\/v2\/media?parent=23736"}],"wp:term":[{"taxonomy":"product_brand","embeddable":true,"href":"https:\/\/kervanmagazacilik.com\/index.php\/wp-json\/wp\/v2\/product_brand?post=23736"},{"taxonomy":"product_cat","embeddable":true,"href":"https:\/\/kervanmagazacilik.com\/index.php\/wp-json\/wp\/v2\/product_cat?post=23736"},{"taxonomy":"product_tag","embeddable":true,"href":"https:\/\/kervanmagazacilik.com\/index.php\/wp-json\/wp\/v2\/product_tag?post=23736"}],"curies":[{"name":"wp","href":"https:\/\/api.w.org\/{rel}","templated":true}]}}