{"id":23690,"date":"2025-04-07T15:02:39","date_gmt":"2025-04-07T12:02:39","guid":{"rendered":"https:\/\/kervanmagazacilik.com\/?post_type=product&#038;p=23690"},"modified":"2025-04-07T15:02:39","modified_gmt":"2025-04-07T12:02:39","slug":"241063011947","status":"publish","type":"product","link":"https:\/\/kervanmagazacilik.com\/index.php\/urun\/241063011947\/","title":{"rendered":"241063011947"},"content":{"rendered":"<p>241063011947<\/p>\n<p>RABY KOLTUK \u015eALI 155X155 TA\u015e<\/p>\n<p>A Kuma\u015f:%100 Polyester<br \/>\nB Kuma\u015f:%100 Polyester<br \/>\nSadece kuru temizleme yap\u0131lmal\u0131d\u0131r<\/p>\n<p>ALT GRUP: SALON TEKST\u0130L\u0130<\/p>\n<p>KOLTUK \u015eALI :160X160<\/p>\n","protected":false},"excerpt":{"rendered":"<p>241063011947 RABY KOLTUK \u015eALI 155X155 TA\u015e A Kuma\u015f:%100 Polyester B Kuma\u015f:%100 Polyester Sadece kuru temizleme yap\u0131lmal\u0131d\u0131r ALT GRUP: SALON TEKST\u0130L\u0130 KOLTUK \u015eALI :160X160<\/p>\n","protected":false},"featured_media":23691,"template":"","meta":[],"product_brand":[],"product_cat":[3250],"product_tag":[5346],"class_list":{"0":"post-23690","1":"product","2":"type-product","3":"status-publish","4":"has-post-thumbnail","6":"product_cat-3250","7":"product_tag-5346","9":"first","10":"instock","11":"taxable","12":"shipping-taxable","13":"product-type-simple"},"_links":{"self":[{"href":"https:\/\/kervanmagazacilik.com\/index.php\/wp-json\/wp\/v2\/product\/23690","targetHints":{"allow":["GET"]}}],"collection":[{"href":"https:\/\/kervanmagazacilik.com\/index.php\/wp-json\/wp\/v2\/product"}],"about":[{"href":"https:\/\/kervanmagazacilik.com\/index.php\/wp-json\/wp\/v2\/types\/product"}],"wp:featuredmedia":[{"embeddable":true,"href":"https:\/\/kervanmagazacilik.com\/index.php\/wp-json\/wp\/v2\/media\/23691"}],"wp:attachment":[{"href":"https:\/\/kervanmagazacilik.com\/index.php\/wp-json\/wp\/v2\/media?parent=23690"}],"wp:term":[{"taxonomy":"product_brand","embeddable":true,"href":"https:\/\/kervanmagazacilik.com\/index.php\/wp-json\/wp\/v2\/product_brand?post=23690"},{"taxonomy":"product_cat","embeddable":true,"href":"https:\/\/kervanmagazacilik.com\/index.php\/wp-json\/wp\/v2\/product_cat?post=23690"},{"taxonomy":"product_tag","embeddable":true,"href":"https:\/\/kervanmagazacilik.com\/index.php\/wp-json\/wp\/v2\/product_tag?post=23690"}],"curies":[{"name":"wp","href":"https:\/\/api.w.org\/{rel}","templated":true}]}}